{"id":953,"date":"2022-11-16T09:54:00","date_gmt":"2022-11-16T08:54:00","guid":{"rendered":"https:\/\/biolaser.fr\/visage\/lesions-vasculaires\/erythrosis-coli-poikilodermie-de-civatte\/"},"modified":"2025-04-13T16:01:59","modified_gmt":"2025-04-13T14:01:59","slug":"erythrosis-coli-poikilodermie-de-civatte","status":"publish","type":"page","link":"https:\/\/biolaser.fr\/en\/erythrosis-coli-poikilodermie-de-civatte\/","title":{"rendered":"Erythrosis Coli &#8211; Civatte poikiloderma"},"content":{"rendered":"\n<h2 class=\"wp-block-heading has-text-align-center wp-embed-aspect-16-9 wp-has-aspect-ratio\">Centre Biolaser Mulhouse\/Saint-Louis: doctors specialising in the treatment of redness and brown spots on the neck and d\u00e9collet\u00e9<\/h2>\n\n<p class=\"has-text-align-center\"><strong>Erythrosis coli<\/strong> is a skin condition characterized by <strong>diffuse redness<\/strong> on the back of the neck, creating the appearance of <strong>a reddened neck<\/strong>. It is often associated with environmental factors, such as <strong>excessive sun exposure<\/strong> or irritating cosmetic products. Common symptoms include persistent redness, tingling, or a burning sensation on the skin of the neck.  <\/p>\n\n<p class=\"has-text-align-center\">On <strong>the other hand, Civatte&#8217;s poikiloderma<\/strong> is a skin condition that manifests itself as <strong>reddish, brown, and pale spots<\/strong> on the skin, usually on the neck and d\u00e9collet\u00e9, but sometimes also on the face. The term &#8220;<strong>poikiloderma<\/strong>&#8221; refers to a change in the skin with atrophy where changes in hypopigmentation\/hyperpigmentation and dilation of the fine blood vessels (telangiectasia) on the affected skin can be observed. It is often linked to <strong>excessive sun exposure<\/strong> and genetic factors. Civatte&#8217;s poikiloderma is often <strong>physically asymptomatic<\/strong> , but it can be considered a <strong>cosmetic concern<\/strong>.   <\/p>\n\n<p class=\"has-text-align-center\">At <strong><strong>Centre Biolaser<\/strong> Mulhouse &#8211; Saint-Louis<\/strong>, we understand the aesthetic challenges posed by these skin conditions. Our highly trained team offers a range of advanced aesthetic treatments to reduce the appearance of erythrosis coli and civate poikiloderma. We&#8217;re committed to helping you regain healthier skin and a revitalized appearance with our personalized solutions.  <\/p>\n\n<div class=\"wp-block-columns BlockTexte is-layout-flex wp-container-core-columns-is-layout-9d6595d7 wp-block-columns-is-layout-flex\">\n<div class=\"wp-block-column is-layout-flow wp-block-column-is-layout-flow\">\n<h3 class=\"wp-block-heading has-text-align-center\">Erythrosis Coli &#8211; Civatte poikiloderma<\/h3>\n\n\n\n<div style=\"height:59px\" aria-hidden=\"true\" class=\"wp-block-spacer\"><\/div>\n<\/div>\n<\/div>\n<div class=\"tpgb-interactive-circle-info circle-style-1    tpgb-block-229bfc \" data-trigger=\"hover\"  id=\"\" data-connection=\"\" data-eventtype=\"\"><div class=\"interactive-circle-wrap\"><div class=\"interactive-circle-inner-wrap\" data-total=\"5\"><div class=\"interactive-circle-inner\"><div class=\"tpgb-interactive-circle-item tpgb-circle-item-1 tp-repeater-item-yqtv active\" data-index=\"1\"><div class=\"tpgb-circle-icon-wrap\"><div class=\"circle-icon-inner\"><div class=\"circle-icon-title\">Question 1<\/div><\/div><\/div><div class=\"tpgb-circle-content-wrap\"><div class=\"circle-content-inner\"><div class=\"circle-content-title\">Quelles sont les caract\u00e9ristiques cliniques de la po\u00efkilodermie de Civatte ?<\/div><div class=\"circle-content-desc\">La po\u00efkilodermie de Civatte se caract\u00e9rise par l&#8217;association d&#8217;une rougeur et\/ou d\u2019une pigmentation (aspect brun rouge\u00e2tre) avec atrophie (peau fine) qui touchent sym\u00e9triquement les zones expos\u00e9es au soleil comme les faces lat\u00e9rales du cou et des joues. La po\u00efkilodermie de Civatte \u00e9pargne g\u00e9n\u00e9ralement la zone ombrag\u00e9e sous le menton.<\/div><\/div><\/div><\/div><div class=\"tpgb-interactive-circle-item tpgb-circle-item-2 tp-repeater-item-i63t \" data-index=\"2\"><div class=\"tpgb-circle-icon-wrap\"><div class=\"circle-icon-inner\"><div class=\"circle-icon-title\">Question 2<\/div><\/div><\/div><div class=\"tpgb-circle-content-wrap\"><div class=\"circle-content-inner\"><div class=\"circle-content-title\">Quelles sont les complications de la po\u00efkilodermie de Civatte ?<\/div><div class=\"circle-content-desc\">La po\u00efkilodermie de Civatte est g\u00e9n\u00e9ralement asymptomatique, mais certains patients peuvent ressentir de l\u00e9g\u00e8res br\u00fblures, des d\u00e9mangeaisons, des bouff\u00e9es vasomotrices \u00e9pisodiques et une peau sensible dans la zone affect\u00e9e. Aucune atteinte syst\u00e9mique ou complication grave n&#8217;est associ\u00e9e \u00e0 la po\u00efkilodermie de Civatte<\/div><\/div><\/div><\/div><div class=\"tpgb-interactive-circle-item tpgb-circle-item-3 tp-repeater-item-z8fh \" data-index=\"3\"><div class=\"tpgb-circle-icon-wrap\"><div class=\"circle-icon-inner\"><div class=\"circle-icon-title\">Question 3<\/div><\/div><\/div><div class=\"tpgb-circle-content-wrap\"><div class=\"circle-content-inner\"><div class=\"circle-content-title\">Qui est atteint de po\u00efkilodermie de Civatte ?<\/div><div class=\"circle-content-desc\">La po\u00efkilodermie de Civatte est plus fr\u00e9quente chez les personnes d&#8217;\u00e2ge moyen et les personnes \u00e2g\u00e9es \u00e0 la peau claire, en particulier chez celles qui sont fortement expos\u00e9es au soleil. La fr\u00e9quence la plus \u00e9lev\u00e9e est observ\u00e9e chez les femmes m\u00e9nopaus\u00e9es. L&#8217;incidence est inconnue car de nombreux patients pr\u00e9sentent une forme l\u00e9g\u00e8re de la maladie et ne consultent pas n\u00e9cessairement un m\u00e9decin<\/div><\/div><\/div><\/div><div class=\"tpgb-interactive-circle-item tpgb-circle-item-4 tp-repeater-item-r1l8 \" data-index=\"4\"><div class=\"tpgb-circle-icon-wrap\"><div class=\"circle-icon-inner\"><div class=\"circle-icon-title\">Question 4<\/div><\/div><\/div><div class=\"tpgb-circle-content-wrap\"><div class=\"circle-content-inner\"><div class=\"circle-content-title\">Comment la po\u00efkilodermie de Civatte est-elle diagnostiqu\u00e9e ?<\/div><div class=\"circle-content-desc\">Le diagnostic de la po\u00efkilodermie de Civatte est pos\u00e9 cliniquement. Une biopsie \u00e0 l&#8217;emporte-pi\u00e8ce peut montrer une histologie typique avec une hyperk\u00e9ratose, une atrophie \u00e9pidermique, une incontinence pigmentaire, des t\u00e9langiectasies, un infiltrat lymphohistiocytaire dermique superficiel variable et une \u00e9lastose solaire.<\/div><\/div><\/div><\/div><div class=\"tpgb-interactive-circle-item tpgb-circle-item-5 tp-repeater-item-3234 \" data-index=\"5\"><div class=\"tpgb-circle-icon-wrap\"><div class=\"circle-icon-inner\"><div class=\"circle-icon-title\">Question 5<\/div><\/div><\/div><div class=\"tpgb-circle-content-wrap\"><div class=\"circle-content-inner\"><div class=\"circle-content-title\">Quels sont les causes d\u2019une po\u00efkilodermie de Civatte\u00a0?<\/div><div class=\"circle-content-desc\">La cause exacte est inconnue. L&#8217;exposition au soleil \u00e0 long terme est consid\u00e9r\u00e9e comme le principal facteur contributif. Les autres facteurs sont :\n\nUne peau claire (phototype de peau de Fitzpatrick I et II)\n\nLes composants photosensibilisants des cosm\u00e9tiques et des produits de toilette, en particulier les parfums.\n\nLes changements hormonaux li\u00e9s \u00e0 la m\u00e9nopause ou \u00e0 un faible taux d&#8217;\u0153strog\u00e8nes\n\nUne pr\u00e9disposition g\u00e9n\u00e9tique.<\/div><\/div><\/div><\/div><\/div><\/div><\/div><\/div>\n<div class=\"wp-block-columns BlockTexte is-layout-flex wp-container-core-columns-is-layout-9d6595d7 wp-block-columns-is-layout-flex\">\n<div class=\"wp-block-column is-layout-flow wp-block-column-is-layout-flow\">\n<h3 class=\"wp-block-heading has-text-align-center\">What treatments for brown spots and redness of the neck at the Biolaser center in Mulhouse\/Saint-Louis?<\/h3>\n\n\n\n<p>Treatment of the neck and d\u00e9collet\u00e9 related to Civatte&#8217;s poikiloderma and erythrosis coli may vary depending on the severity of the condition and the individual needs of the patient. Some of the common treatment options for these skin conditions include: <\/p>\n\n\n\n<ol class=\"wp-block-list\">\n<li><strong>Sun protection<\/strong> : The first step in treating Civatte&#8217;s poikiloderma and erythrosis coli is often to prevent them from getting worse. Regular use of broad-spectrum sunscreen is essential to avoid excessive sun exposure, which can aggravate these conditions. It is necessary to avoid all <strong>perfumes<\/strong> on or near the affected area, including those contained in soaps.  <\/li>\n\n\n\n<li><strong>Topical lightening creams<\/strong> : Topical creams containing lightening agents, such as hydroquinone or kojic acid, may be recommended to reduce pigmentation spots associated with civatte poikiloderma. These creams should be used under the supervision of a dermatologist or aesthetic medicine specialist. <\/li>\n\n\n\n<li><strong>Chemical peels<\/strong> : <strong><a href=\"https:\/\/biolaser.fr\/en\/peeling\/\">Chemical peels<\/a><\/strong> can be used to improve skin texture, reduce pigment spots, and stimulate collagen production. They may be an option for treating erythrosis coli and civate poikiloderma. <\/li>\n\n\n\n<li><strong>IPL (Intense Pulsed Light):<\/strong> IPL emits <strong>pulses of intense, broad-spectrum light<\/strong> that selectively target pigment spots and redness in the skin. It can help to even out skin tone and reduce skin imperfections. IPL is often used to treat <strong> the elements responsible for poikiloderma<\/strong> by reducing <strong>reddish<\/strong> (hemoglobin for diffuse redness) and <strong>brown<\/strong> (melanin) spots. Pulsed light (IPL) treatment offers<strong> good results<\/strong> by greatly reducing the intensity of discoloration for a more comfortable aesthetic result. The mixed, erythrotic and pigmented nature of this elastosic skin will make IPL preferred to laser in this indication. IPL is an <strong>effective, non-invasive, and painless<\/strong> mode of therapy for Civate poikiloderma. It offers a reduction in pigmentation and telangiectasias with a low risk profile. Additional benefits include subjective changes to improve skin texture.       <\/li>\n\n\n\n<li><strong>Fractional Laser<\/strong> : <a href=\"https:\/\/biolaser.fr\/en\/cutaneous-photorejuvenation\/\"><strong>Fractional laser<\/strong> <\/a>is a technique that splits the laser beam into tiny fractional beams, targeting specific areas of the skin. This stimulates skin regeneration and promotes collagen production. Fractional laser can help improve skin texture, reduce pigment spots, and reduce redness associated with erythrosis coli.  <\/li>\n\n\n\n<li><strong>Hyaluronic acid injections<\/strong> : For erythrosis coli, <strong><a href=\"https:\/\/biolaser.fr\/en\/hyaluronic-acid-injections-basel\/\">hyaluronic acid injections <\/a><\/strong>can help moisturize the skin and reduce redness.<\/li>\n\n\n\n<li><strong>Personalized dermatological procedures<\/strong> : A dermatologist will assess the condition of the patient&#8217;s skin and recommend personalized treatments based on their needs. This may include a combination of treatments to achieve the best results. <\/li>\n<\/ol>\n<\/div>\n<\/div>\n\n<div style=\"height:20px\" aria-hidden=\"true\" class=\"wp-block-spacer\"><\/div>\n\n<div class=\"wp-block-columns is-layout-flex wp-container-core-columns-is-layout-9d6595d7 wp-block-columns-is-layout-flex\">\n<div class=\"wp-block-column is-layout-flow wp-block-column-is-layout-flow\">\n\t\t\t\n\t<style type=\"text\/css\">\n\t\t.slider-info-2756.bafg-slider-info .bafg-slider-title {\n\t\t\t\t\t\t\tfont-size:\n\t\t\t\t\t22px\t\t\t\t;\n\t\t\t\n\t\t\t\n\t\t\t\t\t}\n\n\t\t.slider-info-2756.bafg-slider-info .bafg-slider-description {\n\t\t\t\n\t\t\t\n\t\t\t\t\t}\n\t\t\n\t\t\n\t\t.slider-info-2756.bafg-slider-info .bafg_slider_readmore_button {\n\t\t\t\n\t\t\t\n\t\t\t\n\t\t\t\n\t\t\t\n\t\t\ttext-align: center;\n\n\t\t\t\n\t\t\t\n\t\t\t\n\t\t\t\n\t\t\t\t\t}\n\n\t\t.slider-info-2756.bafg-slider-info .bafg_slider_readmore_button:hover {\n\n\t\t\t\n\t\t\t\n\t\t\t\t\t}\n\t<\/style>\n\t\n\t\t\t<div class=\"bafg-twentytwenty-container slider-2756  \"\n\t\t\t\tbafg-orientation=\"horizontal\" bafg-default-offset=\"0.5\"\n\t\t\t\tbafg-before-label=\"Before\"\n\t\t\t\tbafg-after-label=\"After\" bafg-overlay=\"1\"\n\t\t\t\tbafg-move-slider-on-hover=\"\"\n\t\t\t\tbafg-click-to-move=\"\">\n\n\t\t\t\t\t\t\t\t<img class=\"skip-lazy\" data-skip-lazy\t\t\t\t\tsrc=\"https:\/\/biolaser.fr\/wp-content\/uploads\/2023\/01\/139.-Avant.jpg\" alt=\"\">\n\t\t\t\t<img class=\"skip-lazy\" data-skip-lazy\t\t\t\t\tsrc=\"https:\/\/biolaser.fr\/wp-content\/uploads\/2023\/01\/139.-Apres.jpg\" alt=\"\">\n\n\t\t\t<\/div>\n\n\t\t\t\t<div class=\"bafg-slider-info-wraper\">\n\t\t<div style=\"\" class=\"slider-info-2756 bafg-slider-info\">\n\t\t\t\t\t<\/div>\n\t<\/div>\n\t\n\t\t\t<style type=\"text\/css\">\n\t\t\t\t\t\t\t\t\t\t\t<\/style>\n\t\t\t\n<\/div>\n\n\n\n<div class=\"wp-block-column is-layout-flow wp-block-column-is-layout-flow\">\n\t\t\t\n\t<style type=\"text\/css\">\n\t\t.slider-info-2745.bafg-slider-info .bafg-slider-title {\n\t\t\t\t\t\t\tfont-size:\n\t\t\t\t\t22px\t\t\t\t;\n\t\t\t\n\t\t\t\n\t\t\t\t\t}\n\n\t\t.slider-info-2745.bafg-slider-info .bafg-slider-description {\n\t\t\t\n\t\t\t\n\t\t\t\t\t}\n\t\t\n\t\t\n\t\t.slider-info-2745.bafg-slider-info .bafg_slider_readmore_button {\n\t\t\t\n\t\t\t\n\t\t\t\n\t\t\t\n\t\t\t\n\t\t\ttext-align: center;\n\n\t\t\t\n\t\t\t\n\t\t\t\n\t\t\t\n\t\t\t\t\t}\n\n\t\t.slider-info-2745.bafg-slider-info .bafg_slider_readmore_button:hover {\n\n\t\t\t\n\t\t\t\n\t\t\t\t\t}\n\t<\/style>\n\t\n\t\t\t<div class=\"bafg-twentytwenty-container slider-2745  \"\n\t\t\t\tbafg-orientation=\"horizontal\" bafg-default-offset=\"0.5\"\n\t\t\t\tbafg-before-label=\"Before\"\n\t\t\t\tbafg-after-label=\"After\" bafg-overlay=\"1\"\n\t\t\t\tbafg-move-slider-on-hover=\"\"\n\t\t\t\tbafg-click-to-move=\"\">\n\n\t\t\t\t\t\t\t\t<img class=\"skip-lazy\" data-skip-lazy\t\t\t\t\tsrc=\"https:\/\/biolaser.fr\/wp-content\/uploads\/2023\/01\/140.-Avant.jpg\" alt=\"\">\n\t\t\t\t<img class=\"skip-lazy\" data-skip-lazy\t\t\t\t\tsrc=\"https:\/\/biolaser.fr\/wp-content\/uploads\/2023\/01\/140.-Apres.jpg\" alt=\"\">\n\n\t\t\t<\/div>\n\n\t\t\t\t<div class=\"bafg-slider-info-wraper\">\n\t\t<div style=\"\" class=\"slider-info-2745 bafg-slider-info\">\n\t\t\t\t\t<\/div>\n\t<\/div>\n\t\n\t\t\t<style type=\"text\/css\">\n\t\t\t\t\t\t\t\t\t\t\t<\/style>\n\t\t\t\n<\/div>\n\n\n\n<div class=\"wp-block-column is-layout-flow wp-block-column-is-layout-flow\">\n\t\t\t\n\t<style type=\"text\/css\">\n\t\t.slider-info-2763.bafg-slider-info .bafg-slider-title {\n\t\t\t\t\t\t\tfont-size:\n\t\t\t\t\t22px\t\t\t\t;\n\t\t\t\n\t\t\t\n\t\t\t\t\t}\n\n\t\t.slider-info-2763.bafg-slider-info .bafg-slider-description {\n\t\t\t\n\t\t\t\n\t\t\t\t\t}\n\t\t\n\t\t\n\t\t.slider-info-2763.bafg-slider-info .bafg_slider_readmore_button {\n\t\t\t\n\t\t\t\n\t\t\t\n\t\t\t\n\t\t\t\n\t\t\ttext-align: center;\n\n\t\t\t\n\t\t\t\n\t\t\t\n\t\t\t\n\t\t\t\t\t}\n\n\t\t.slider-info-2763.bafg-slider-info .bafg_slider_readmore_button:hover {\n\n\t\t\t\n\t\t\t\n\t\t\t\t\t}\n\t<\/style>\n\t\n\t\t\t<div class=\"bafg-twentytwenty-container slider-2763  \"\n\t\t\t\tbafg-orientation=\"horizontal\" bafg-default-offset=\"0.5\"\n\t\t\t\tbafg-before-label=\"Before\"\n\t\t\t\tbafg-after-label=\"After\" bafg-overlay=\"1\"\n\t\t\t\tbafg-move-slider-on-hover=\"\"\n\t\t\t\tbafg-click-to-move=\"\">\n\n\t\t\t\t\t\t\t\t<img class=\"skip-lazy\" data-skip-lazy\t\t\t\t\tsrc=\"https:\/\/biolaser.fr\/wp-content\/uploads\/2023\/01\/141.-Avant.jpg\" alt=\"\">\n\t\t\t\t<img class=\"skip-lazy\" data-skip-lazy\t\t\t\t\tsrc=\"https:\/\/biolaser.fr\/wp-content\/uploads\/2023\/01\/141.-Apres.jpg\" alt=\"\">\n\n\t\t\t<\/div>\n\n\t\t\t\t<div class=\"bafg-slider-info-wraper\">\n\t\t<div style=\"\" class=\"slider-info-2763 bafg-slider-info\">\n\t\t\t\t\t<\/div>\n\t<\/div>\n\t\n\t\t\t<style type=\"text\/css\">\n\t\t\t\t\t\t\t\t\t\t\t<\/style>\n\t\t\t\n<\/div>\n<\/div>\n\n<div style=\"height:20px\" aria-hidden=\"true\" class=\"wp-block-spacer\"><\/div>\n\n<div class=\"wp-block-columns BlockTexte is-layout-flex wp-container-core-columns-is-layout-9d6595d7 wp-block-columns-is-layout-flex\">\n<div class=\"wp-block-column is-layout-flow wp-block-column-is-layout-flow\">\n<h3 class=\"wp-block-heading has-text-align-center\">How does a treatment session for brown spots and redness of the neck and d\u00e9collet\u00e9 work at the Biolaser clinic in Mulhouse\/Saint-Louis?<\/h3>\n\n\n\n<ul class=\"wp-block-list\">\n<li>Each session lasts between 15 and 30 minutes.  <\/li>\n\n\n\n<li><strong>The treated area should be clean and dry, not tanned and free of makeup.<\/strong> <\/li>\n\n\n\n<li>Side effects that may be encountered will be increased redness and edema for 4 to 6 hours and brown scabs (do not itch) that can last up to a week.  <\/li>\n\n\n\n<li>There is no such thing as social eviction.<\/li>\n\n\n\n<li>It is necessary to apply a healing cream and sunscreen a few days after each session.<\/li>\n\n\n\n<li><strong>In general, very satisfactory results are obtained after 2 to 6 sessions.<\/strong>  We respect a period of 4 to 6 weeks between each session in order to let the skin rest and regenerate. The specialist doctor at the Mulhouse &#8211; Saint-Louis laser center will offer a two-step treatment if the skin has a combination of redness and brown spots (hyperpigmentation) on the neck. This consists of first treating the brown pigmentation and then the dilated vessels responsible for diffuse redness.  <\/li>\n\n\n\n<li>However, it will sometimes be necessary to plan a few additional sessions for extensive or resistant lesions.<\/li>\n\n\n\n<li>An annual session will generally be necessary for maintenance.<\/li>\n<\/ul>\n<\/div>\n<\/div>\n\n<div class=\"wp-block-columns is-layout-flex wp-container-core-columns-is-layout-9d6595d7 wp-block-columns-is-layout-flex\">\n<div class=\"wp-block-column is-layout-flow wp-block-column-is-layout-flow\">\n<div class=\"wp-block-buttons is-content-justification-center is-layout-flex wp-container-core-buttons-is-layout-16018d1d wp-block-buttons-is-layout-flex\">\n<div class=\"wp-block-button\"><a class=\"wp-block-button__link wp-element-button\" href=\"https:\/\/www.doctolib.fr\/centre-laser-et-esthetique\/saint-louis\/centre-biolaser\" target=\"_blank\" rel=\"noreferrer noopener\">Make an appointment<\/a><\/div>\n<\/div>\n<\/div>\n<\/div>\n","protected":false},"excerpt":{"rendered":"<p>Civatte&#8217;s poikiloderma is a common and chronic benign condition that belongs to the melanoderma group (pigmented skin disorders).<\/p>\n","protected":false},"author":1,"featured_media":0,"parent":0,"menu_order":0,"comment_status":"closed","ping_status":"closed","template":"","meta":{"_acf_changed":false,"tpgb_global_settings":"","footnotes":""},"class_list":["post-953","page","type-page","status-publish","hentry"],"acf":[],"tpgb_featured_images":null,"tpgb_post_meta_info":{"get_date":"16 November 2022","author_name":"DGSCreation","author_url":"https:\/\/biolaser.fr\/en\/author\/dgscreation\/","author_email":"contact@dgs-creation.fr","author_website":"https:\/\/protectferm.fr","author_description":"","author_facebook":"","author_twitter":"","author_instagram":"","author_role":["administrator"],"author_firstname":"","author_lastname":"","user_login":"DGSCreation","comment_count":0,"post_likes":0,"post_views":0},"tpgb_post_category":[],"_links":{"self":[{"href":"https:\/\/biolaser.fr\/en\/wp-json\/wp\/v2\/pages\/953","targetHints":{"allow":["GET"]}}],"collection":[{"href":"https:\/\/biolaser.fr\/en\/wp-json\/wp\/v2\/pages"}],"about":[{"href":"https:\/\/biolaser.fr\/en\/wp-json\/wp\/v2\/types\/page"}],"author":[{"embeddable":true,"href":"https:\/\/biolaser.fr\/en\/wp-json\/wp\/v2\/users\/1"}],"replies":[{"embeddable":true,"href":"https:\/\/biolaser.fr\/en\/wp-json\/wp\/v2\/comments?post=953"}],"version-history":[{"count":15,"href":"https:\/\/biolaser.fr\/en\/wp-json\/wp\/v2\/pages\/953\/revisions"}],"predecessor-version":[{"id":11658,"href":"https:\/\/biolaser.fr\/en\/wp-json\/wp\/v2\/pages\/953\/revisions\/11658"}],"wp:attachment":[{"href":"https:\/\/biolaser.fr\/en\/wp-json\/wp\/v2\/media?parent=953"}],"curies":[{"name":"wp","href":"https:\/\/api.w.org\/{rel}","templated":true}]}}