{"id":9815,"date":"2024-07-14T03:54:02","date_gmt":"2024-07-14T01:54:02","guid":{"rendered":"https:\/\/biolaser.fr\/hals-dekollete-und-haende\/"},"modified":"2025-05-10T15:40:20","modified_gmt":"2025-05-10T13:40:20","slug":"hals-dekollete-und-haende","status":"publish","type":"page","link":"https:\/\/biolaser.fr\/de\/hals-dekollete-und-haende\/","title":{"rendered":"Hals, Dekollet\u00e9 und H\u00e4nde"},"content":{"rendered":"\n<div class=\"wp-block-columns BlockTexte is-layout-flex wp-container-core-columns-is-layout-9d6595d7 wp-block-columns-is-layout-flex\">\n<div class=\"wp-block-column is-layout-flow wp-block-column-is-layout-flow\">\n<h3 class=\"wp-block-heading has-text-align-center\">\u00c4STHETISCHE BEHANDLUNGEN F\u00dcR HALS, DEKOLLET\u00c9 UND H\u00c4NDE NAHE BASEL, Z\u00dcRICH, FREIBURG UND L\u00d6RRACH<\/h3>\n\n\n\n<p>Wir sind bestrebt, Ihnen einen&nbsp;<strong>individuellen Ansatz<\/strong>&nbsp;und eine&nbsp;<strong>hochwertige Betreuung<\/strong>&nbsp;zu bieten, um das Erscheinungsbild Ihrer&nbsp;<strong>Hals-, Dekollet\u00e9- und Handpartie<\/strong>&nbsp;gezielt zu verbessern. Unser erfahrenes Team f\u00fcr&nbsp;<strong>\u00e4sthetische Medizin und Lasertechnologie<\/strong>&nbsp;begleitet Sie mit Leidenschaft und Kompetenz, um&nbsp;<strong>nat\u00fcrliche und harmonische Ergebnisse<\/strong>&nbsp;zu erzielen \u2013 f\u00fcr mehr Ausstrahlung und Selbstvertrauen.<\/p>\n\n\n\n<p>Im&nbsp;<strong>BIOLASER Zentrum f\u00fcr \u00e4sthetische und Lasermedizin in Saint-Louis<\/strong>, nur wenige Minuten von&nbsp;<strong>Basel<\/strong>,&nbsp;<strong>Freiburg im Breisgau<\/strong>&nbsp;und&nbsp;<strong>Z\u00fcrich<\/strong>&nbsp;entfernt, verstehen wir, dass&nbsp;<strong>Hals<\/strong>,&nbsp;<strong>Dekollet\u00e9<\/strong>&nbsp;und&nbsp;<strong>H\u00e4nde<\/strong>&nbsp;oft erste Anzeichen von&nbsp;<strong>Hautalterung<\/strong>,&nbsp;<strong>Trockenheit<\/strong>,&nbsp;<strong>Pigmentflecken<\/strong>,&nbsp;<strong>Elastizit\u00e4tsverlust<\/strong>&nbsp;und&nbsp;<strong>Faltenbildung<\/strong>&nbsp;zeigen.<\/p>\n\n\n\n<p>Deshalb bieten wir eine&nbsp;<strong>breite Palette sicherer und effektiver Behandlungen<\/strong>&nbsp;an, die genau auf Ihre individuellen Bed\u00fcrfnisse abgestimmt sind \u2013 darunter:<\/p>\n\n\n\n<ul class=\"wp-block-list\">\n<li><strong>Laserbehandlungen gegen Pigmentflecken und Falten<\/strong><\/li>\n\n\n\n<li><strong>Hyalurons\u00e4ure-Injektionen<\/strong>\u00a0zur Aufpolsterung und Hydratation<\/li>\n\n\n\n<li><strong>Subkutane Radiofrequenz (ATTIVA)<\/strong>\u00a0zur Straffung erschlaffter Haut<\/li>\n<\/ul>\n\n\n\n<p>Dank unserer Spezialisierung auf&nbsp;<strong>Lasertechnologie und modernste \u00e4sthetische Verfahren<\/strong>&nbsp;k\u00f6nnen wir sichtbare Hautver\u00e4nderungen an empfindlichen Zonen pr\u00e4zise und schonend behandeln \u2013 insbesondere f\u00fcr Patient:innen aus&nbsp;<strong>Basel<\/strong>,&nbsp;<strong>Z\u00fcrich<\/strong>,&nbsp;<strong>Freiburg<\/strong>,&nbsp;<strong>L\u00f6rrach<\/strong>,&nbsp;<strong>Weil am Rhein<\/strong>&nbsp;und Umgebung.<\/p>\n\n\n\n<p>W\u00e4hrend Ihres&nbsp;<strong>Erstgespr\u00e4chs<\/strong>&nbsp;nehmen wir uns Zeit, Ihnen zuzuh\u00f6ren, Ihre Haut gr\u00fcndlich zu analysieren und Ihre \u00e4sthetischen Ziele zu definieren. Auf dieser Basis erstellen wir einen&nbsp;<strong>ma\u00dfgeschneiderten Behandlungsplan<\/strong>, der Ihre W\u00fcnsche respektiert und sichtbare, langanhaltende Resultate erm\u00f6glicht.<\/p>\n\n\n\n<p>Unsere oberste Priorit\u00e4t ist es, Ihnen&nbsp;<strong>sichere, angenehme und professionelle Behandlungen<\/strong>&nbsp;zu bieten \u2013 in einem Umfeld, in dem Sie sich wohlf\u00fchlen.<\/p>\n\n\n\n<p>Wir freuen uns, Sie in unserem Zentrum in&nbsp;<strong>Saint-Louis<\/strong>, direkt an der Grenze zur Schweiz und in der N\u00e4he von&nbsp;<strong>Basel<\/strong>,&nbsp;<strong>Z\u00fcrich<\/strong>,&nbsp;<strong>Freiburg<\/strong>,&nbsp;<strong>Colmar<\/strong>,&nbsp;<strong>Mulhouse<\/strong>&nbsp;und&nbsp;<strong>Belfort-Montb\u00e9liard<\/strong>, begr\u00fc\u00dfen zu d\u00fcrfen. Entdecken Sie hochwertige \u00e4sthetische Behandlungen f\u00fcr eine sichtbar verj\u00fcngte Haut an&nbsp;<strong>Hals<\/strong>,&nbsp;<strong>Dekollet\u00e9<\/strong>&nbsp;und&nbsp;<strong>H\u00e4nden<\/strong>&nbsp;\u2013 ganz in Ihrer N\u00e4he.<\/p>\n\n\n\n<p><strong>Kontaktieren Sie uns noch heute<\/strong>, um einen Termin zu vereinbaren und herauszufinden, wie wir Ihnen helfen k\u00f6nnen, wieder ein frisches, ebenm\u00e4\u00dfiges und selbstbewusstes Erscheinungsbild zu erlangen.<\/p>\n<\/div>\n<\/div>\n\n\n\n<div style=\"height:100px\" aria-hidden=\"true\" class=\"wp-block-spacer\"><\/div>\n\n\n\n<div class=\"wp-block-buttons is-content-justification-center is-layout-flex wp-container-core-buttons-is-layout-16018d1d wp-block-buttons-is-layout-flex\">\n<div class=\"wp-block-button\"><a class=\"wp-block-button__link wp-element-button\" href=\"https:\/\/www.doctolib.fr\/centre-laser-et-esthetique\/saint-louis\/centre-medical-biolaser\/booking\/availabilities?specialityId=222&amp;telehealth=false&amp;placeId=practice-371699&amp;motiveCategoryIds%5B%5D=267011&amp;motiveIds%5B%5D=9754374&amp;bookingFunnelSource=profile\" target=\"_blank\" rel=\"noopener\">Vereinbaren Sie einen Termin auf Doctolib<\/a><\/div>\n<\/div>\n\n\n\n<div style=\"height:100px\" aria-hidden=\"true\" class=\"wp-block-spacer\"><\/div>\n\n\n\n<div class=\"wp-block-columns BlockTexte is-layout-flex wp-container-core-columns-is-layout-9d6595d7 wp-block-columns-is-layout-flex\">\n<div class=\"wp-block-column is-layout-flow wp-block-column-is-layout-flow\">\n<h3 class=\"wp-block-heading has-text-align-center\">Behandlung von Pigmentflecken und Gef\u00e4\u00dfl\u00e4sionen mit Laser oder IPL<\/h3>\n\n\n\n<p><strong>Verleihen Sie Hals, Dekollet\u00e9 und H\u00e4nden neue Frische und Ausstrahlung<\/strong>\u00a0\u2013 mit gezielten, schonenden Behandlungen gegen\u00a0<strong>Pigmentflecken<\/strong>,\u00a0<strong>Sonnenflecken<\/strong>\u00a0und\u00a0<strong>Gef\u00e4\u00dfanomalien<\/strong>\u00a0mithilfe modernster\u00a0<strong>Laser- oder IPL-Technologie (Intensiv Gepulstes Licht)<\/strong>.<\/p>\n\n\n\n<h4 class=\"wp-block-heading\"><strong>Pr\u00e4zise Behandlung von Pigmentflecken<\/strong><\/h4>\n\n\n\n<p>Hals, Dekollet\u00e9 und H\u00e4nde sind st\u00e4ndig dem Sonnenlicht ausgesetzt und werden in der t\u00e4glichen Hautpflege oft vernachl\u00e4ssigt. Dies f\u00fchrt im Laufe der Zeit zu:<\/p>\n\n\n\n<ul class=\"wp-block-list\">\n<li><strong>Altersflecken<\/strong><\/li>\n\n\n\n<li><strong>Sonnenbedingter Hyperpigmentierung<\/strong><\/li>\n\n\n\n<li><strong>Unregelm\u00e4\u00dfigem Hautbild<\/strong><\/li>\n\n\n\n<li><strong>Matt wirkender Haut<\/strong><\/li>\n<\/ul>\n\n\n\n<p>Unser Behandlungsansatz mit&nbsp;<strong>medizinischem Laser oder IPL<\/strong>&nbsp;zielt selektiv auf pigmentierte Zellen, ohne die umliegende Haut zu sch\u00e4digen. Dadurch wird der Teint&nbsp;<strong>gleichm\u00e4\u00dfiger, heller und jugendlicher<\/strong>&nbsp;\u2013 f\u00fcr eine sichtbar&nbsp;<strong>verj\u00fcngte Hautstruktur<\/strong>&nbsp;in nur wenigen Sitzungen.<\/p>\n\n\n\n<p>Im&nbsp;<strong>BIOLASER Zentrum f\u00fcr \u00e4sthetische Medizin in der Region Basel<\/strong>, nahe dem Dreil\u00e4ndereck, setzen wir auf hochmoderne Systeme, um Pigmentver\u00e4nderungen&nbsp;<strong>pr\u00e4zise, sicher und nachhaltig<\/strong>&nbsp;zu entfernen.<\/p>\n\n\n\n<h4 class=\"wp-block-heading\"><strong>Effektive Behandlung von Gef\u00e4\u00dfl\u00e4sionen und R\u00f6tungen<\/strong><\/h4>\n\n\n\n<p>Auch&nbsp;<strong>vaskul\u00e4re Ver\u00e4nderungen<\/strong>&nbsp;wie:<\/p>\n\n\n\n<ul class=\"wp-block-list\">\n<li><strong>erweiterte \u00c4derchen (Teleangiektasien)<\/strong><\/li>\n\n\n\n<li><strong>Rosazea (Couperose)<\/strong><\/li>\n\n\n\n<li><strong>Sternangiome<\/strong><\/li>\n\n\n\n<li><strong>dauerhafte R\u00f6tungen<\/strong><\/li>\n<\/ul>\n\n\n\n<p>k\u00f6nnen im Bereich von Hals, Dekollet\u00e9 oder H\u00e4nden auftreten und das Hautbild st\u00f6ren.<\/p>\n\n\n\n<p>Dank fortschrittlicher&nbsp;<strong>Gef\u00e4\u00dflaser<\/strong>&nbsp;und&nbsp;<strong>IPL-Technologie<\/strong>&nbsp;ist es m\u00f6glich, diese L\u00e4sionen gezielt zu ver\u00f6den und&nbsp;<strong>sichtbar zu reduzieren<\/strong>. Die Haut wird nicht nur ebenm\u00e4\u00dfiger, sondern auch&nbsp;<strong>glatter, klarer und strukturierter<\/strong>.<\/p>\n\n\n\n<p>Unsere&nbsp;<strong>erfahrenen \u00c4rzt:innen<\/strong>&nbsp;im BIOLASER Zentrum f\u00fchren jede Behandlung individuell und indikationsbezogen durch \u2013 besonders geeignet f\u00fcr Patient:innen, die auf der Suche nach&nbsp;<strong>nicht-invasiven, hautschonenden L\u00f6sungen zur Hautverj\u00fcngung<\/strong>&nbsp;sind.<\/p>\n<\/div>\n<\/div>\n\n\n\n<div class=\"wp-block-columns BlockTexte is-layout-flex wp-container-core-columns-is-layout-9d6595d7 wp-block-columns-is-layout-flex\">\n<div class=\"wp-block-column is-layout-flow wp-block-column-is-layout-flow\">\n<h3 class=\"wp-block-heading has-text-align-center\">Befeuchten, Aufpolstern und Gl\u00e4tten mit Hyalurons\u00e4ure \u2013 f\u00fcr Hals, Dekollet\u00e9 und H\u00e4nde<\/h3>\n\n\n\n<h4 class=\"wp-block-heading\"><strong>Faltenbehandlung und Hautverj\u00fcngung mit Hyalurons\u00e4ure in der Region Basel<\/strong><\/h4>\n\n\n\n<p><strong>Hyalurons\u00e4ure vom Typ PROFHILO\u00ae<\/strong>\u00a0ist ein moderner, hochwirksamer Inhaltsstoff, der in der\u00a0<strong>\u00e4sthetischen Medizin<\/strong>gezielt zur Behandlung von\u00a0<strong>Hals<\/strong>,\u00a0<strong>Dekollet\u00e9<\/strong>\u00a0und\u00a0<strong>H\u00e4nden<\/strong>\u00a0eingesetzt wird \u2013 drei besonders exponierte Zonen, in denen\u00a0<strong>Falten<\/strong>,\u00a0<strong>Volumenverlust<\/strong>,\u00a0<strong>Hauttrockenheit<\/strong>\u00a0und\u00a0<strong>Elastizit\u00e4tsverlust<\/strong>\u00a0fr\u00fch sichtbar werden. In unserem\u00a0<strong>BIOLASER Zentrum in Saint-Louis<\/strong>, direkt an der Grenze zur Schweiz, bieten wir Patientinnen und Patienten aus\u00a0<strong>Basel<\/strong>,\u00a0<strong>Z\u00fcrich<\/strong>,\u00a0<strong>L\u00f6rrach<\/strong>,\u00a0<strong>Freiburg im Breisgau<\/strong>,\u00a0<strong>Weil am Rhein<\/strong>,\u00a0<strong>Luzern<\/strong>\u00a0und\u00a0<strong>Rheinfelden<\/strong>\u00a0ma\u00dfgeschneiderte Behandlungen mit hochwertiger Hyalurons\u00e4ure zur effektiven\u00a0<strong>Hautverj\u00fcngung ohne Operation<\/strong>\u00a0an.<\/p>\n\n\n\n<h4 class=\"wp-block-heading\"><strong>Hals, Dekollet\u00e9 und H\u00e4nde sichtbar gl\u00e4tten und aufpolstern<\/strong><\/h4>\n\n\n\n<p>Wenn&nbsp;<strong>Hyalurons\u00e4ure<\/strong>&nbsp;gezielt in den Hals injiziert wird, kann sie feine&nbsp;<strong>Halsfalten<\/strong>&nbsp;mildern, die Haut mit Feuchtigkeit versorgen und sichtbar straffen. Im Bereich des&nbsp;<strong>Dekollet\u00e9s<\/strong>&nbsp;hilft sie, feine Linien zu gl\u00e4tten, die Hautstruktur zu verbessern und das Gewebe dezent aufzupolstern. An den&nbsp;<strong>H\u00e4nden<\/strong>&nbsp;reduziert sie Anzeichen der Hautalterung wie&nbsp;<strong>sichtbare Venen<\/strong>,&nbsp;<strong>Vertiefungen<\/strong>&nbsp;oder&nbsp;<strong>Volumenverlust<\/strong>, f\u00fcr ein&nbsp;<strong>jugendlicheres, glatteres Erscheinungsbild<\/strong>. Diese&nbsp;<strong>nicht-invasive Faltenbehandlung<\/strong>&nbsp;ist besonders beliebt bei Patient:innen, die eine sanfte, aber effektive L\u00f6sung zur Verbesserung ihrer Haut suchen \u2013 ohne Ausfallzeit.<\/p>\n\n\n\n<p>Die Ergebnisse sind meist sofort sichtbar und langanhaltend. Eine pers\u00f6nliche Beratung durch unser erfahrenes medizinisches Team erm\u00f6glicht es, die optimale Behandlungsstrategie f\u00fcr Ihre Hautbed\u00fcrfnisse zu w\u00e4hlen.&nbsp;<strong>Hyalurons\u00e4urebehandlungen im Hals-, Dekollet\u00e9- und Handbereich<\/strong>&nbsp;sind eine bew\u00e4hrte L\u00f6sung, um&nbsp;<strong>Nat\u00fcrlichkeit, Spannkraft und Vitalit\u00e4t<\/strong>&nbsp;in diesen empfindlichen Regionen wiederherzustellen \u2013 im Herzen des&nbsp;<strong>Dreil\u00e4nderecks<\/strong>.<\/p>\n<\/div>\n<\/div>\n\n\n\n<div class=\"wp-block-columns BlockTexte is-layout-flex wp-container-core-columns-is-layout-9d6595d7 wp-block-columns-is-layout-flex\">\n<div class=\"wp-block-column is-layout-flow wp-block-column-is-layout-flow\">\n<h3 class=\"wp-block-heading has-text-align-center\">Hautstraffung ohne OP mit subkutaner Radiofrequenz (ATTIVA\u00ae) \u2013 f\u00fcr Hals, Dekollet\u00e9 und H\u00e4nde in Basel, Z\u00fcrich und L\u00f6rrach<\/h3>\n\n\n\n<h4 class=\"wp-block-heading\"><strong>Hautstraffung und Faltenbehandlung mit subkutaner Radiofrequenz (ATTIVA)<\/strong><\/h4>\n\n\n\n<p>Die innovative&nbsp;<strong>Radiofrequenztechnologie ATTIVA\u00ae<\/strong>&nbsp;im&nbsp;<strong>BIOLASER Zentrum in Saint-Louis<\/strong>, nahe&nbsp;<strong>Basel<\/strong>,&nbsp;<strong>Freiburg<\/strong>,&nbsp;<strong>Z\u00fcrich<\/strong>&nbsp;und dem s\u00fcddeutschen Raum, ist eine hochmoderne Methode zur&nbsp;<strong>Behandlung von schlaffer Haut und tiefen Falten<\/strong>, insbesondere im Bereich von&nbsp;<strong>Hals<\/strong>,&nbsp;<strong>Dekollet\u00e9<\/strong>&nbsp;und&nbsp;<strong>H\u00e4nden<\/strong>. Diese minimalinvasive Technik basiert auf der Anwendung von&nbsp;<strong>endodermaler Radiofrequenz<\/strong>, um die Haut in der Tiefe gezielt zu straffen \u2013 ganz ohne Operation.<\/p>\n\n\n\n<p>Durch gezielte Erw\u00e4rmung des Unterhautgewebes stimuliert ATTIVA\u00ae die&nbsp;<strong>Kollagen- und Elastinproduktion<\/strong>, verbessert die&nbsp;<strong>Hautdichte<\/strong>&nbsp;und sorgt f\u00fcr eine&nbsp;<strong>sichtbare Hautstraffung<\/strong>&nbsp;bei gleichzeitiger Verbesserung der Textur. Ideal f\u00fcr Patient:innen aus der Region&nbsp;<strong>Basel \u2013 Z\u00fcrich \u2013 L\u00f6rrach \u2013 Weil am Rhein<\/strong>, die sich eine&nbsp;<strong>nat\u00fcrliche Hautverj\u00fcngung ohne Ausfallzeit<\/strong>&nbsp;w\u00fcnschen.<\/p>\n\n\n\n<hr class=\"wp-block-separator has-alpha-channel-opacity\"\/>\n\n\n\n<h4 class=\"wp-block-heading\"><strong>Effektive Behandlung f\u00fcr Hals, Dekollet\u00e9 und H\u00e4nde \u2013 ohne Skalpell<\/strong><\/h4>\n\n\n\n<p>Die subkutane Anwendung der&nbsp;<strong>Radiofrequenzwellen<\/strong>&nbsp;erm\u00f6glicht eine pr\u00e4zise thermische Stimulation tief im Gewebe, ohne die Hautoberfl\u00e4che zu verletzen. Das Ergebnis: eine&nbsp;<strong>schmerzfreie, risikoarme Straffung der Haut<\/strong>, die sowohl&nbsp;<strong>sofortige als auch progressive Effekte<\/strong>&nbsp;zeigt. Besonders bei&nbsp;<strong>erschlaffter Haut nach Gewichtsverlust<\/strong>,&nbsp;<strong>altersbedingter Hauterschlaffung<\/strong>&nbsp;oder&nbsp;<strong>tieferen Falten<\/strong>&nbsp;im Hals- und Dekollet\u00e9bereich bietet ATTIVA\u00ae eine exzellente Alternative zur operativen L\u00f6sung.<\/p>\n\n\n\n<p>Die Behandlung erfordert keine Ausfallzeit und l\u00e4sst sich mit anderen Verfahren wie&nbsp;<strong>Hyalurons\u00e4ure-Injektionen<\/strong>,&nbsp;<strong>Laserbehandlungen<\/strong>&nbsp;oder&nbsp;<strong>Mesotherapie<\/strong>&nbsp;kombinieren, um&nbsp;<strong>optimale und langanhaltende Ergebnisse<\/strong>&nbsp;zu erzielen.<\/p>\n\n\n\n<div class=\"wp-block-columns is-layout-flex wp-container-core-columns-is-layout-9d6595d7 wp-block-columns-is-layout-flex\">\n<div class=\"wp-block-column is-layout-flow wp-block-column-is-layout-flow\">\n<figure class=\"wp-block-image size-full is-resized\"><img fetchpriority=\"high\" decoding=\"async\" width=\"285\" height=\"330\" src=\"https:\/\/biolaser.fr\/wp-content\/uploads\/2024\/07\/ipl-decollete-thumb.jpg.webp\" alt=\"IPL-Ausschnitt\" class=\"wp-image-9683\" style=\"width:257px;height:auto\" srcset=\"https:\/\/biolaser.fr\/wp-content\/uploads\/2024\/07\/ipl-decollete-thumb.jpg.webp 285w, https:\/\/biolaser.fr\/wp-content\/uploads\/2024\/07\/ipl-decollete-thumb.jpg-259x300.webp 259w\" sizes=\"(max-width: 285px) 100vw, 285px\" \/><\/figure>\n<\/div>\n\n\n\n<div class=\"wp-block-column is-layout-flow wp-block-column-is-layout-flow\">\n<figure class=\"wp-block-image size-full\"><img decoding=\"async\" width=\"800\" height=\"533\" src=\"https:\/\/biolaser.fr\/wp-content\/uploads\/2024\/07\/injection-acide-hyaluronique-mains-paris-14-dr-nguyen.jpg.webp\" alt=\"Handinjektionen\" class=\"wp-image-9686\" srcset=\"https:\/\/biolaser.fr\/wp-content\/uploads\/2024\/07\/injection-acide-hyaluronique-mains-paris-14-dr-nguyen.jpg.webp 800w, https:\/\/biolaser.fr\/wp-content\/uploads\/2024\/07\/injection-acide-hyaluronique-mains-paris-14-dr-nguyen.jpg-300x200.webp 300w, https:\/\/biolaser.fr\/wp-content\/uploads\/2024\/07\/injection-acide-hyaluronique-mains-paris-14-dr-nguyen.jpg-768x512.webp 768w\" sizes=\"(max-width: 800px) 100vw, 800px\" \/><\/figure>\n<\/div>\n\n\n\n<div class=\"wp-block-column is-layout-flow wp-block-column-is-layout-flow\">\n<figure class=\"wp-block-image size-full\"><img decoding=\"async\" width=\"749\" height=\"766\" src=\"https:\/\/biolaser.fr\/wp-content\/uploads\/2024\/07\/ba-attiva-1.jpg\" alt=\"ATTIVA: Radiofrequenz unter der Haut\" class=\"wp-image-9655\" srcset=\"https:\/\/biolaser.fr\/wp-content\/uploads\/2024\/07\/ba-attiva-1.jpg 749w, https:\/\/biolaser.fr\/wp-content\/uploads\/2024\/07\/ba-attiva-1-293x300.jpg 293w\" sizes=\"(max-width: 749px) 100vw, 749px\" \/><\/figure>\n<\/div>\n<\/div>\n<\/div>\n<\/div>\n\n\n\n<div style=\"height:100px\" aria-hidden=\"true\" class=\"wp-block-spacer\"><\/div>\n\n\n\n<div class=\"wp-block-buttons is-content-justification-center is-layout-flex wp-container-core-buttons-is-layout-16018d1d wp-block-buttons-is-layout-flex\">\n<div class=\"wp-block-button\"><a class=\"wp-block-button__link wp-element-button\" href=\"https:\/\/www.doctolib.fr\/centre-laser-et-esthetique\/saint-louis\/centre-medical-biolaser\/booking\/availabilities?specialityId=222&amp;telehealth=false&amp;placeId=practice-371699&amp;motiveCategoryIds%5B%5D=267011&amp;motiveIds%5B%5D=9754374&amp;bookingFunnelSource=profile\" target=\"_blank\" rel=\"noopener\">Vereinbaren Sie einen Termin auf Doctolib<\/a><\/div>\n<\/div>\n\n\n\n<div style=\"height:100px\" aria-hidden=\"true\" class=\"wp-block-spacer\"><\/div>\n\n\n\n<div class=\"wp-block-columns BlockTexte is-layout-flex wp-container-core-columns-is-layout-9d6595d7 wp-block-columns-is-layout-flex\">\n<div class=\"wp-block-column is-layout-flow wp-block-column-is-layout-flow\">\n<h3 class=\"wp-block-heading has-text-align-center\">Schlussfolgerung \u2013 Sichtbare Hautverj\u00fcngung f\u00fcr Hals, Dekollet\u00e9 und H\u00e4nde in der Region Basel \u2013 Z\u00fcrich \u2013 L\u00f6rrach<\/h3>\n\n\n\n<h4 class=\"wp-block-heading\"><strong>Warum Patientinnen aus der Schweiz und S\u00fcddeutschland uns w\u00e4hlen<\/strong><\/h4>\n\n\n\n<p>Das\u00a0<strong>Zentrum BIOLASER in Saint-Louis<\/strong>\u00a0liegt strategisch im Herzen des\u00a0<strong>Dreil\u00e4nderecks Frankreich \u2013 Schweiz \u2013 Deutschland<\/strong>\u00a0Das&nbsp;<strong>BIOLASER Zentrum in Saint-Louis<\/strong>&nbsp;liegt direkt an der Grenze zur Schweiz und ist leicht erreichbar aus St\u00e4dten wie&nbsp;<strong>Basel<\/strong>,&nbsp;<strong>Z\u00fcrich<\/strong>,&nbsp;<strong>Luzern<\/strong>,&nbsp;<strong>Freiburg im Breisgau<\/strong>,&nbsp;<strong>L\u00f6rrach<\/strong>,&nbsp;<strong>Weil am Rhein<\/strong>&nbsp;und&nbsp;<strong>Rheinfelden<\/strong>. Viele Patient:innen aus diesen Regionen entscheiden sich bewusst f\u00fcr unsere Klinik, um von&nbsp;<strong>hochqualitativen \u00e4sthetischen Behandlungen<\/strong>,&nbsp;<strong>modernster Lasertechnologie<\/strong>&nbsp;und&nbsp;<strong>individueller Betreuung<\/strong>&nbsp;zu profitieren \u2013 ganz ohne lange Wartezeiten oder operative Eingriffe.<\/p>\n\n\n\n<p>Unser umfassendes Angebot umfasst:<\/p>\n\n\n\n<ul class=\"wp-block-list\">\n<li><strong>Laser- und IPL-Behandlungen<\/strong>\u00a0zur gezielten Entfernung von\u00a0<strong>Pigmentflecken<\/strong>,\u00a0<strong>Sonnenflecken<\/strong>\u00a0und\u00a0<strong>Gef\u00e4\u00dfver\u00e4nderungen<\/strong><\/li>\n\n\n\n<li><strong>Hyalurons\u00e4ure-Injektionen<\/strong>\u00a0(z.\u202fB. PROFHILO\u00ae) zur\u00a0<strong>Faltenbehandlung<\/strong>,\u00a0<strong>Volumenauff\u00fcllung<\/strong>\u00a0und\u00a0<strong>Feuchtigkeitsversorgung<\/strong><\/li>\n\n\n\n<li><strong>Verj\u00fcngung von Hals, Dekollet\u00e9 und H\u00e4nden<\/strong><\/li>\n\n\n\n<li><strong>Endodermale Radiofrequenz (ATTIVA\u00ae)<\/strong>\u00a0zur\u00a0<strong>Hautstraffung ohne OP<\/strong><\/li>\n\n\n\n<li><strong>Kombinationstherapien<\/strong>\u00a0f\u00fcr ein ganzheitliches\u00a0<strong>Anti-Aging-Konzept<\/strong><\/li>\n<\/ul>\n\n\n\n<p>Unsere \u00e4sthetischen Verfahren richten sich an Menschen, die eine sanfte, sichere und effektive L\u00f6sung suchen, um&nbsp;<strong>Hautstruktur<\/strong>,&nbsp;<strong>Spannkraft<\/strong>&nbsp;und&nbsp;<strong>jugendliche Ausstrahlung<\/strong>&nbsp;wiederzuerlangen \u2013 unabh\u00e4ngig davon, ob sie aus dem&nbsp;<strong>Kanton Z\u00fcrich<\/strong>, dem Raum&nbsp;<strong>Basel<\/strong>, aus&nbsp;<strong>Luzern<\/strong>,&nbsp;<strong>Freiburg<\/strong>,&nbsp;<strong>L\u00f6rrach<\/strong>&nbsp;oder&nbsp;<strong>Weil am Rhein<\/strong>&nbsp;kommen.<\/p>\n\n\n\n<hr class=\"wp-block-separator has-alpha-channel-opacity\"\/>\n\n\n\n<h4 class=\"wp-block-heading\"><strong>Ganzheitliche Verj\u00fcngung von Hals, Dekollet\u00e9 und H\u00e4nden \u2013 sicher &amp; sichtbar wirksam<\/strong><\/h4>\n\n\n\n<p>Die im&nbsp;<strong>BIOLASER Zentrum f\u00fcr \u00e4sthetische Medizin<\/strong>&nbsp;angebotenen Behandlungen bieten eine wirksame Antwort auf h\u00e4ufige Probleme wie&nbsp;<strong>Pigmentflecken<\/strong>,&nbsp;<strong>Falten<\/strong>,&nbsp;<strong>erschlaffte Haut<\/strong>&nbsp;oder&nbsp;<strong>Volumenverlust<\/strong>&nbsp;im Bereich von&nbsp;<strong>Hals<\/strong>,&nbsp;<strong>Dekollet\u00e9<\/strong>und&nbsp;<strong>H\u00e4nden<\/strong>. Dank modernster Verfahren \u2013 darunter&nbsp;<strong>Laser- und IPL-Behandlungen<\/strong>,&nbsp;<strong>Hyalurons\u00e4ure-Injektionen (z.\u202fB. PROFHILO\u00ae)<\/strong>&nbsp;und&nbsp;<strong>subkutane Radiofrequenz mit ATTIVA\u00ae<\/strong>&nbsp;\u2013 erzielen wir sichtbare, nat\u00fcrliche und langanhaltende Ergebnisse ohne chirurgischen Eingriff.<\/p>\n\n\n\n<p>Diese Methoden helfen, die&nbsp;<strong>Jugendlichkeit der Haut<\/strong>&nbsp;wiederherzustellen,&nbsp;<strong>F\u00e4ltchen zu gl\u00e4tten<\/strong>, die&nbsp;<strong>Hautstruktur zu verbessern<\/strong>&nbsp;und das Erscheinungsbild dieser sensiblen Zonen nachhaltig zu versch\u00f6nern. Unsere&nbsp;<strong>nicht-invasiven Anti-Aging-Therapien<\/strong>&nbsp;richten sich an Patient:innen aus der Region&nbsp;<strong>Basel<\/strong>,&nbsp;<strong>Z\u00fcrich<\/strong>,&nbsp;<strong>Luzern<\/strong>,&nbsp;<strong>Freiburg<\/strong>,&nbsp;<strong>L\u00f6rrach<\/strong>,&nbsp;<strong>Weil am Rhein<\/strong>&nbsp;und&nbsp;<strong>Rheinfelden<\/strong>, die auf der Suche nach professionellen, effektiven und komfortablen \u00e4sthetischen L\u00f6sungen sind.<\/p>\n\n\n\n<p>Ein individueller Behandlungsplan, erstellt nach ausf\u00fchrlicher \u00e4rztlicher Beratung, ist der Schl\u00fcssel zu einem harmonischen und nat\u00fcrlich wirkenden Ergebnis. Vertrauen Sie auf unsere Expertise im Bereich&nbsp;<strong>\u00e4sthetische Lasermedizin<\/strong>&nbsp;\u2013 f\u00fcr ein strahlendes, verj\u00fcngtes und selbstbewusstes Auftreten.<\/p>\n<\/div>\n<\/div>\n","protected":false},"excerpt":{"rendered":"<p>Erleben Sie im BIOLASER Zentrum in Saint-Louis hochwirksame \u00e4sthetische Behandlungen zur Verj\u00fcngung von Hals, Dekollet\u00e9 und H\u00e4nden \u2013 f\u00fcr mehr Spannkraft, Frische und nat\u00fcrliche Ausstrahlung in jeder Lebensphase.<\/p>\n","protected":false},"author":3,"featured_media":0,"parent":0,"menu_order":0,"comment_status":"closed","ping_status":"closed","template":"","meta":{"_acf_changed":false,"tpgb_global_settings":"","footnotes":""},"class_list":["post-9815","page","type-page","status-publish","hentry"],"acf":[],"tpgb_featured_images":null,"tpgb_post_meta_info":{"get_date":"14. Juli 2024","author_name":"mthanacody","author_url":"https:\/\/biolaser.fr\/de\/author\/mthanacody\/","author_email":"mthanacody@gmail.com","author_website":"","author_description":"","author_facebook":"","author_twitter":"","author_instagram":"","author_role":["administrator"],"author_firstname":"","author_lastname":"","user_login":"mthanacody","comment_count":0,"post_likes":0,"post_views":0},"tpgb_post_category":[],"_links":{"self":[{"href":"https:\/\/biolaser.fr\/de\/wp-json\/wp\/v2\/pages\/9815","targetHints":{"allow":["GET"]}}],"collection":[{"href":"https:\/\/biolaser.fr\/de\/wp-json\/wp\/v2\/pages"}],"about":[{"href":"https:\/\/biolaser.fr\/de\/wp-json\/wp\/v2\/types\/page"}],"author":[{"embeddable":true,"href":"https:\/\/biolaser.fr\/de\/wp-json\/wp\/v2\/users\/3"}],"replies":[{"embeddable":true,"href":"https:\/\/biolaser.fr\/de\/wp-json\/wp\/v2\/comments?post=9815"}],"version-history":[{"count":10,"href":"https:\/\/biolaser.fr\/de\/wp-json\/wp\/v2\/pages\/9815\/revisions"}],"predecessor-version":[{"id":12139,"href":"https:\/\/biolaser.fr\/de\/wp-json\/wp\/v2\/pages\/9815\/revisions\/12139"}],"wp:attachment":[{"href":"https:\/\/biolaser.fr\/de\/wp-json\/wp\/v2\/media?parent=9815"}],"curies":[{"name":"wp","href":"https:\/\/api.w.org\/{rel}","templated":true}]}}