{"id":9228,"date":"2023-07-14T13:57:35","date_gmt":"2023-07-14T11:57:35","guid":{"rendered":"https:\/\/biolaser.fr\/haar-bleichen\/"},"modified":"2024-06-27T12:08:26","modified_gmt":"2024-06-27T10:08:26","slug":"haar-bleichen","status":"publish","type":"page","link":"https:\/\/biolaser.fr\/de\/haar-bleichen\/","title":{"rendered":"HAAR BLEICHEN"},"content":{"rendered":"\n<div class=\"wp-block-columns BlockTexte is-layout-flex wp-container-core-columns-is-layout-9d6595d7 wp-block-columns-is-layout-flex\">\n<div class=\"wp-block-column is-layout-flow wp-block-column-is-layout-flow\">\n<p class=\"has-text-align-center\">Holen Sie sich <strong>aufgehelltes Haar<\/strong> mit dem Hollywood Spectra Laser bei Biolaser &#8211; Ihre Referenz f\u00fcr <strong>Haarblondierung<\/strong> in <strong>Saint-Louis an der Grenze zu Basel (Schweiz)<\/strong> und in der N\u00e4he von Mulhouse, Belfort, Montb\u00e9liard, Colmar und Stra\u00dfburg.<\/p>\n<\/div>\n<\/div>\n\n<div class=\"wp-block-columns BlockTexte is-layout-flex wp-container-core-columns-is-layout-9d6595d7 wp-block-columns-is-layout-flex\">\n<div class=\"wp-block-column is-layout-flow wp-block-column-is-layout-flow\">\n<h3 class=\"wp-block-heading has-text-align-center\">Was ist Haarbleichen?<\/h3>\n\n\n\n<div class=\"wp-block-columns is-layout-flex wp-container-core-columns-is-layout-9d6595d7 wp-block-columns-is-layout-flex\">\n<div class=\"wp-block-column is-layout-flow wp-block-column-is-layout-flow\">\n<p><strong>Haarblondierung<\/strong> ist ein <strong>beliebter \u00e4sthetischer Trend<\/strong> , und viele Menschen suchen nach effektiven Methoden, um ihr Haar aufzuhellen, insbesondere an exponierten Stellen wie <strong>Unterarmen oder Beinen<\/strong>. Wenn Sie nach einer effektiven und sicheren Methode suchen, um Ihr Haar aufzuhellen, suchen Sie nicht weiter.  <\/p>\n\n\n\n<p>Bei Biolaser, unserem \u00e4sthetischen und lasermedizinischen Zentrum in Saint-Louis, an der Grenze zu Basel (Schweiz) und in der N\u00e4he der St\u00e4dte Mulhouse, Belfort, Montb\u00e9liard, Colmar, Stra\u00dfburg, Besan\u00e7on und Dijon, sind wir auf das Bleichen von Haaren spezialisiert. F\u00fcr optimale Ergebnisse verwenden wir den hochmodernen QS Hollywood Spectra STP-Laser.<\/p>\n<\/div>\n\n\n\n<div class=\"wp-block-column is-layout-flow wp-block-column-is-layout-flow\">\n<figure class=\"wp-block-embed is-type-video is-provider-youtube wp-block-embed-youtube wp-embed-aspect-16-9 wp-has-aspect-ratio\"><div class=\"wp-block-embed__wrapper\">\n<iframe title=\"hair bleaching, ou blanchiment des poils\" width=\"640\" height=\"360\" src=\"https:\/\/www.youtube.com\/embed\/cC7pQTHQSiU?feature=oembed\" frameborder=\"0\" allow=\"accelerometer; autoplay; clipboard-write; encrypted-media; gyroscope; picture-in-picture; web-share\" referrerpolicy=\"strict-origin-when-cross-origin\" allowfullscreen><\/iframe>\n<\/div><\/figure>\n<\/div>\n<\/div>\n<\/div>\n<\/div>\n\n<div class=\"wp-block-columns BlockTexte is-layout-flex wp-container-core-columns-is-layout-9d6595d7 wp-block-columns-is-layout-flex\">\n<div class=\"wp-block-column is-layout-flow wp-block-column-is-layout-flow\">\n<h3 class=\"wp-block-heading has-text-align-center\">So funktioniert der Hollywood Spectra QS-Laser  <\/h3>\n\n\n\n<p>So funktioniert der QS Hollywood Spectra-Laser bei Biolaser: Der QS Hollywood Spectra-Laser verwendet fortschrittliche Nanosekundentechnologie, um selektiv auf dunkle Pigmente im Haar abzuzielen. Diese <strong>spezifische Wellenl\u00e4nge des Lasers<\/strong> wird <strong>von den Melaninpigmenten absorbiert<\/strong>, die f\u00fcr die nat\u00fcrliche Farbe der Haare verantwortlich sind.<strong><\/strong> Mit dieser Spitzentechnologie k\u00f6nnen wir das Haar effektiv und sicher <strong>aufhellen<\/strong> .<\/p>\n<\/div>\n<\/div>\n\n<div class=\"wp-block-columns BlockTexte is-layout-flex wp-container-core-columns-is-layout-9d6595d7 wp-block-columns-is-layout-flex\">\n<div class=\"wp-block-column is-layout-flow wp-block-column-is-layout-flow\">\n<h3 class=\"wp-block-heading has-text-align-center\">Haarblondierungsverfahren bei Biolaser<\/h3>\n\n\n\n<p>Wenn Sie sich f\u00fcr Biolaser f\u00fcr Ihre <strong>Haarblondierung<\/strong> entscheiden, bietet Ihnen unser erfahrenes Team eine pers\u00f6nliche Beratung, um Ihre Bed\u00fcrfnisse und Ziele zu verstehen.<\/p>\n\n\n\n<p>Wir beginnen mit der Haaraufhellungsbehandlung mit dem hochmodernen QS Hollywood Spectra STP-Laser. Im Allgemeinen ist dieses Verfahren <strong>schmerzfrei<\/strong>, obwohl Sie m\u00f6glicherweise ein <strong>leichtes W\u00e4rmegef\u00fchl <\/strong> versp\u00fcren. <\/p>\n\n\n\n<p>Unsere sachkundigen Fachleute stimmen <strong>die Lasereinstellungen<\/strong> nach Ihren einzigartigen Eigenschaften ab und sorgen so f\u00fcr <strong>optimale Ergebnisse<\/strong> des Laser-Haarbleichverfahrens.<\/p>\n<\/div>\n<\/div>\n\n<div class=\"wp-block-columns BlockTexte is-layout-flex wp-container-core-columns-is-layout-9d6595d7 wp-block-columns-is-layout-flex\">\n<div class=\"wp-block-column is-layout-flow wp-block-column-is-layout-flow\">\n<h3 class=\"wp-block-heading has-text-align-center\">Vorteile der Haarblondierung bei Biolaser:<\/h3>\n\n\n\n<div style=\"height:23px\" aria-hidden=\"true\" class=\"wp-block-spacer\"><\/div>\n\n\n<div class=\"tpgb-interactive-circle-info circle-style-1    tpgb-block-56a700 \" data-trigger=\"hover\"  id=\"\" data-connection=\"\" data-eventtype=\"\"><div class=\"interactive-circle-wrap\"><div class=\"interactive-circle-inner-wrap\" data-total=\"5\"><div class=\"interactive-circle-inner\"><div class=\"tpgb-interactive-circle-item tpgb-circle-item-1 tp-repeater-item-wnp7 active\" data-index=\"1\"><div class=\"tpgb-circle-icon-wrap\"><div class=\"circle-icon-inner\"><i class=\"fas fa-check-circle tpgb-in-circle-icon\" aria-hidden=\"true\"><\/i><div class=\"circle-icon-title\">Avantage 1<\/div><\/div><\/div><div class=\"tpgb-circle-content-wrap\"><div class=\"circle-content-inner\"><div class=\"circle-content-title\">Efficacit\u00e9 remarquable<\/div><div class=\"circle-content-desc\">Le laser QS Hollywood Spectra STP est extr\u00eamement efficace pour \u00e9claircir les poils. En quelques s\u00e9ances seulement, il peut r\u00e9duire consid\u00e9rablement la pigmentation fonc\u00e9e, offrant des r\u00e9sultats visibles rapidement.<\/div><\/div><\/div><\/div><div class=\"tpgb-interactive-circle-item tpgb-circle-item-2 tp-repeater-item-yuh9 \" data-index=\"2\"><div class=\"tpgb-circle-icon-wrap\"><div class=\"circle-icon-inner\"><i class=\"fas fa-check-circle tpgb-in-circle-icon\" aria-hidden=\"true\"><\/i><div class=\"circle-icon-title\">Avantage 2<\/div><\/div><\/div><div class=\"tpgb-circle-content-wrap\"><div class=\"circle-content-inner\"><div class=\"circle-content-title\">S\u00e9curit\u00e9 optimale<\/div><div class=\"circle-content-desc\">Chez Biolaser, la s\u00e9curit\u00e9 de nos patients est primordiale. Contrairement \u00e0 d&#8217;autres m\u00e9thodes de blanchiment des poils, le laser QS Hollywood Spectra est non invasif et n&#8217;endommage pas les follicules pileux, r\u00e9duisant ainsi le risque de dommages permanents aux poils et \u00e0 la peau.<\/div><\/div><\/div><\/div><div class=\"tpgb-interactive-circle-item tpgb-circle-item-3 tp-repeater-item-0 \" data-index=\"3\"><div class=\"tpgb-circle-icon-wrap\"><div class=\"circle-icon-inner\"><i class=\"fas fa-check-circle tpgb-in-circle-icon\" aria-hidden=\"true\"><\/i><div class=\"circle-icon-title\">Avantage 3<\/div><\/div><\/div><div class=\"tpgb-circle-content-wrap\"><div class=\"circle-content-inner\"><div class=\"circle-content-title\">Adaptabilit\u00e9 \u00e0 tous les types de poils<\/div><div class=\"circle-content-desc\">Le laser QS Hollywood Spectra convient \u00e0 une large gamme de types de poils, des poils fins aux poils \u00e9pais, et peut \u00eatre utilis\u00e9 sur diff\u00e9rentes teintes de poils, offrant ainsi une solution personnalis\u00e9e pour chaque individu.<\/div><\/div><\/div><\/div><div class=\"tpgb-interactive-circle-item tpgb-circle-item-4 tp-repeater-item-1 \" data-index=\"4\"><div class=\"tpgb-circle-icon-wrap\"><div class=\"circle-icon-inner\"><i class=\"fas fa-check-circle tpgb-in-circle-icon\" aria-hidden=\"true\"><\/i><div class=\"circle-icon-title\">Avantage 4<\/div><\/div><\/div><div class=\"tpgb-circle-content-wrap\"><div class=\"circle-content-inner\"><div class=\"circle-content-title\">Confort optimal<\/div><div class=\"circle-content-desc\">La proc\u00e9dure de hair bleaching avec le laser QS Hollywood Spectra chez Biolaser est g\u00e9n\u00e9ralement indolore. Nos professionnels qualifi\u00e9s veilleront \u00e0 votre confort tout au long de la s\u00e9ance.<\/div><\/div><\/div><\/div><div class=\"tpgb-interactive-circle-item tpgb-circle-item-5 tp-repeater-item-2 \" data-index=\"5\"><div class=\"tpgb-circle-icon-wrap\"><div class=\"circle-icon-inner\"><i class=\"fas fa-check-circle tpgb-in-circle-icon\" aria-hidden=\"true\"><\/i><div class=\"circle-icon-title\">Avantage 5<\/div><\/div><\/div><div class=\"tpgb-circle-content-wrap\"><div class=\"circle-content-inner\"><div class=\"circle-content-title\">R\u00e9sultats durables et naturels<\/div><div class=\"circle-content-desc\">Les r\u00e9sultats du hair bleaching avec le laser QS Hollywood Spectra sont \u00e0 la fois durables et naturels. Cependant, il est important de noter que le hair bleaching est un traitement non permanent, et les poils repousseront progressivement avec leur couleur naturelle au fil du temps.<\/div><\/div><\/div><\/div><\/div><\/div><\/div><\/div><\/div>\n<\/div>\n\n<div class=\"wp-block-columns BlockTexte is-layout-flex wp-container-core-columns-is-layout-9d6595d7 wp-block-columns-is-layout-flex\">\n<div class=\"wp-block-column is-layout-flow wp-block-column-is-layout-flow\">\n<h3 class=\"wp-block-heading has-text-align-center\">Schlussfolgerung<\/h3>\n\n\n\n<p><em>F\u00fcr hochwertiges Haarbleichen ist Biolaser Ihre Referenz. In Saint-Louis, an der Grenze zu Basel (Schweiz) und in der N\u00e4he der St\u00e4dte Mulhouse, Belfort, Montb\u00e9liard und Colmar, bietet unser \u00e4sthetisches und lasermedizinisches Zentrum fortschrittliche Haarbleichbehandlungen mit dem QS Hollywood Spectra-Laser f\u00fcr optimale Ergebnisse. Vereinbaren Sie jetzt einen Termin auf unserer Website f\u00fcr eine pers\u00f6nliche Beratung und finden Sie heraus, wie Biolaser Ihnen helfen kann, auf sichere und effektive Weise aufgehelltes Haar zu erzielen.<\/em><\/p>\n<\/div>\n<\/div>\n","protected":false},"excerpt":{"rendered":"<p>Holen Sie sich die neueste und fortschrittlichste Haarbleich-Laserbehandlung nur bei Biolaser. Verabschieden Sie sich von dunklem Haar mit unserer Hollywood Spectra QS-Technologie<\/p>\n","protected":false},"author":3,"featured_media":0,"parent":0,"menu_order":0,"comment_status":"closed","ping_status":"closed","template":"","meta":{"_acf_changed":false,"tpgb_global_settings":"","footnotes":""},"class_list":["post-9228","page","type-page","status-publish","hentry"],"acf":[],"tpgb_featured_images":null,"tpgb_post_meta_info":{"get_date":"14. Juli 2023","author_name":"mthanacody","author_url":"https:\/\/biolaser.fr\/de\/author\/mthanacody\/","author_email":"mthanacody@gmail.com","author_website":"","author_description":"","author_facebook":"","author_twitter":"","author_instagram":"","author_role":["administrator"],"author_firstname":"","author_lastname":"","user_login":"mthanacody","comment_count":0,"post_likes":0,"post_views":0},"tpgb_post_category":[],"_links":{"self":[{"href":"https:\/\/biolaser.fr\/de\/wp-json\/wp\/v2\/pages\/9228","targetHints":{"allow":["GET"]}}],"collection":[{"href":"https:\/\/biolaser.fr\/de\/wp-json\/wp\/v2\/pages"}],"about":[{"href":"https:\/\/biolaser.fr\/de\/wp-json\/wp\/v2\/types\/page"}],"author":[{"embeddable":true,"href":"https:\/\/biolaser.fr\/de\/wp-json\/wp\/v2\/users\/3"}],"replies":[{"embeddable":true,"href":"https:\/\/biolaser.fr\/de\/wp-json\/wp\/v2\/comments?post=9228"}],"version-history":[{"count":1,"href":"https:\/\/biolaser.fr\/de\/wp-json\/wp\/v2\/pages\/9228\/revisions"}],"predecessor-version":[{"id":9233,"href":"https:\/\/biolaser.fr\/de\/wp-json\/wp\/v2\/pages\/9228\/revisions\/9233"}],"wp:attachment":[{"href":"https:\/\/biolaser.fr\/de\/wp-json\/wp\/v2\/media?parent=9228"}],"curies":[{"name":"wp","href":"https:\/\/api.w.org\/{rel}","templated":true}]}}