{"id":9168,"date":"2024-01-20T16:38:50","date_gmt":"2024-01-20T15:38:50","guid":{"rendered":"https:\/\/biolaser.fr\/laser-haarentfernung-der-arme-und-unterarme-in-saint-louis\/"},"modified":"2026-02-27T12:13:02","modified_gmt":"2026-02-27T11:13:02","slug":"laser-haarentfernung-der-arme-und-unterarme-in-saint-louis","status":"publish","type":"page","link":"https:\/\/biolaser.fr\/de\/laser-haarentfernung-der-arme-und-unterarme-in-saint-louis\/","title":{"rendered":"Laser-Haarentfernung der Arme und Unterarme in Saint-Louis"},"content":{"rendered":"\n<div class=\"wp-block-columns BlockVideo is-layout-flex wp-container-core-columns-is-layout-9d6595d7 wp-block-columns-is-layout-flex\">\n<div class=\"wp-block-column is-layout-flow wp-block-column-is-layout-flow\">\n<p class=\"has-text-align-center\">Verabschieden Sie sich von unerw\u00fcnschten Haaren an Armen, Unterarmen und H\u00e4nden mit <a href=\"https:\/\/biolaser.fr\/de\/laser-haarentfernung-2\/\">\n  <strong>der Laser-Haarentfernung in St. Louis.<\/strong>\n<\/a> Genie\u00dfen Sie eine dauerhafte und schmerzfreie L\u00f6sung f\u00fcr glatte und makellose Arme. Dank der hochmodernen Technologie, <strong>die in den Laser-Haarentfernungskliniken in Saint-Louis bei Mulhouse<\/strong> verwendet wird, k\u00f6nnen Sie sich von traditionellen Rasier- und Wachsmethoden verabschieden.<\/p>\n\n\n\n<p class=\"has-text-align-center\">Unser erfahrenes Team aus qualifizierten Fachleuten garantiert Ihnen au\u00dfergew\u00f6hnliche Ergebnisse. Mit sicheren und effektiven Lasern zielen wir genau auf die Haarfollikel ab, um zu verhindern, dass sie nachwachsen. Egal, ob Sie Haare vollst\u00e4ndig von Ihren Armen entfernen oder einfach reduzieren m\u00f6chten, wir werden die Behandlung auf Ihre spezifischen Bed\u00fcrfnisse abstimmen.<\/p>\n\n\n\n<p class=\"has-text-align-center\">Vergessen Sie Irritationen und Schnitte, die durch die Rasur verursacht werden, und begr\u00fc\u00dfen Sie seidig weiche Haut. Sie k\u00f6nnen endlich kurze \u00c4rmel mit Selbstvertrauen und Freiheit tragen, ohne sich Gedanken \u00fcber das Aussehen Ihrer Arme machen zu m\u00fcssen.<\/p>\n\n\n\n<p class=\"has-text-align-center\">Entscheiden Sie sich f\u00fcr eine Laser-Haarentfernung an Ihren Armen und Unterarmen in St. Louis und entdecken Sie eine langfristige, problemlose L\u00f6sung, um diese unerw\u00fcnschten Haare ein f\u00fcr alle Mal loszuwerden.<\/p>\n<\/div>\n\n\n\n<div class=\"wp-block-column is-vertically-aligned-center is-layout-flow wp-block-column-is-layout-flow\">\n<figure class=\"wp-block-image size-full\"><img fetchpriority=\"high\" decoding=\"async\" width=\"640\" height=\"426\" src=\"https:\/\/biolaser.fr\/wp-content\/uploads\/2024\/01\/5769956363337728.jpg\" alt=\"Laser-Haarentfernung Saint-Louis\" class=\"wp-image-8439\" srcset=\"https:\/\/biolaser.fr\/wp-content\/uploads\/2024\/01\/5769956363337728.jpg 640w, https:\/\/biolaser.fr\/wp-content\/uploads\/2024\/01\/5769956363337728-300x200.jpg 300w\" sizes=\"(max-width: 640px) 100vw, 640px\" \/><\/figure>\n<\/div>\n<\/div>\n\n<div class=\"wp-block-columns BlockTexte is-layout-flex wp-container-core-columns-is-layout-9d6595d7 wp-block-columns-is-layout-flex\">\n<div class=\"wp-block-column is-layout-flow wp-block-column-is-layout-flow\">\n<h3 class=\"wp-block-heading has-text-align-center\">Was ist Laser-Haarentfernung?<\/h3>\n\n\n\n<p>Die Laser-Haarentfernung ist eine immer beliebter werdende Methode, um unerw\u00fcnschte Haare dauerhaft loszuwerden. Diese nicht-invasive Technik verwendet konzentrierte Lichtstrahlen, um Haarfollikel gezielt zu entfernen und effektiv zu entfernen. Im Gegensatz zu herk\u00f6mmlichen Methoden wie Rasieren und Wachsen bietet die Laser-Haarentfernung ein lang anhaltendes, schmerzfreies Ergebnis.<\/p>\n<\/div>\n<\/div>\n\n<div class=\"wp-block-columns BlockTexte is-layout-flex wp-container-core-columns-is-layout-9d6595d7 wp-block-columns-is-layout-flex\">\n<div class=\"wp-block-column is-layout-flow wp-block-column-is-layout-flow\">\n<h3 class=\"wp-block-heading has-text-align-center\">Die Vorteile der Laser-Haarentfernung der Arme und Unterarme<\/h3>\n\n\n\n<p>Die Entscheidung f\u00fcr die Laser-Haarentfernung der Arme und Unterarme hat viele Vorteile. Zun\u00e4chst einmal bietet diese Methode eine dauerhafte L\u00f6sung, um unerw\u00fcnschte Haare loszuwerden. Im Gegensatz zum Rasieren oder Wachsen, bei dem Haare schnell nachwachsen, zielt die Laser-Haarentfernung auf Haarfollikel ab, um sie dauerhaft zu zerst\u00f6ren.<\/p>\n\n\n\n<p>Dar\u00fcber hinaus ist die Laser-Haarentfernung eine schmerzfreie L\u00f6sung. Im Gegensatz zum Wachsen, das sehr schmerzhaft sein kann, bietet die Laser-Haarentfernung optimalen Komfort. Sie werden w\u00e4hrend der Behandlung ein leichtes W\u00e4rmegef\u00fchl sp\u00fcren, aber die meisten Patienten beschreiben das Gef\u00fchl als vollkommen ertr\u00e4glich.<\/p>\n\n\n\n<p>Schlie\u00dflich ist die Laser-Haarentfernung langfristig eine praktische und wirtschaftliche L\u00f6sung. Sie m\u00fcssen Ihre Arme und Unterarme nicht mehr regelm\u00e4\u00dfig rasieren oder wachsen, was Ihnen auf lange Sicht Zeit und Geld spart.<\/p>\n<\/div>\n<\/div>\n\n<div class=\"wp-block-columns BlockTexte is-layout-flex wp-container-core-columns-is-layout-9d6595d7 wp-block-columns-is-layout-flex\">\n<div class=\"wp-block-column is-layout-flow wp-block-column-is-layout-flow\">\n<h3 class=\"wp-block-heading has-text-align-center\">Wie funktioniert die Laser-Haarentfernung?<\/h3>\n\n\n\n<p>Bei der Laser-Haarentfernung werden konzentrierte Lichtstrahlen verwendet, um die Haarfollikel anzuvisieren. Die vom Laser erzeugte W\u00e4rme wird vom Melanin im Haar absorbiert, wodurch die Haarfollikel gesch\u00e4digt und am Nachwachsen gehindert werden. Durch den Einsatz modernster Laser k\u00f6nnen Laser-Haarentfernungsprofis unerw\u00fcnschte Haare pr\u00e4zise anvisieren, ohne die umgebende Haut zu besch\u00e4digen.<\/p>\n\n\n\n<p>Es ist wichtig zu beachten, dass die Laser-Haarentfernung nur auf Haare abzielen kann, die sich in der aktiven Wachstumsphase befinden. Haare in der Ruhephase k\u00f6nnen nicht in einer einzigen Laser-Haarentfernungssitzung entfernt werden. Aus diesem Grund sind mehrere Sitzungen erforderlich, um optimale Ergebnisse zu erzielen.<\/p>\n<\/div>\n<\/div>\n\n<div class=\"wp-block-columns BlockTexte is-layout-flex wp-container-core-columns-is-layout-9d6595d7 wp-block-columns-is-layout-flex\">\n<div class=\"wp-block-column is-layout-flow wp-block-column-is-layout-flow\">\n<h3 class=\"wp-block-heading has-text-align-center\">Vorbereitung f\u00fcr die Laser-Haarentfernungsbehandlung<\/h3>\n\n\n\n<p>Bevor Sie sich einer Laser-Haarentfernungsbehandlung an Armen und Unterarmen unterziehen, ist es wichtig, sich richtig vorzubereiten. Zun\u00e4chst sollten Sie vor der Behandlung mindestens zwei Wochen lang Sonneneinstrahlung vermeiden. Gebr\u00e4unte Haut kann das Risiko von Verbrennungen und Komplikationen w\u00e4hrend der Behandlung erh\u00f6hen.<\/p>\n\n\n\n<p>Dar\u00fcber hinaus sollten Sie mindestens vier Wochen vor der Behandlung auf das Wachsen Ihrer Arme und Unterarme verzichten. Dadurch k\u00f6nnen sich die Haarfollikel w\u00e4hrend der Laser-Haarentfernungssitzung in der aktiven Wachstumsphase befinden, wodurch die Ergebnisse optimiert werden.<\/p>\n\n\n\n<p>Vor der Behandlung sollten Sie auch vermeiden, Cremes oder Lotionen auf die zu behandelnde Stelle aufzutragen. Befolgen Sie unbedingt alle Anweisungen Ihres Laser-Haarentfernungsprofis, um sich so gut wie m\u00f6glich vorzubereiten.<\/p>\n<\/div>\n<\/div>\n\n<div class=\"wp-block-columns BlockTexte is-layout-flex wp-container-core-columns-is-layout-9d6595d7 wp-block-columns-is-layout-flex\">\n<div class=\"wp-block-column is-layout-flow wp-block-column-is-layout-flow\">\n<h3 class=\"wp-block-heading has-text-align-center\">Der Prozess der Laser-Haarentfernung der Arme und Unterarme<\/h3>\n\n\n\n<p>Der Prozess der Laser-Haarentfernung der Arme und Unterarme erfolgt in mehreren Schritten. Zun\u00e4chst reinigt Ihr Laser-Haarentfernungsprofi den zu behandelnden Bereich gr\u00fcndlich.<\/p>\n\n\n\n<p>Dann wird der Laser verwendet, um Lichtimpulse auszusenden, die auf den zu behandelnden Bereich fokussiert sind. Sie werden w\u00e4hrend der Behandlung ein leichtes W\u00e4rmegef\u00fchl sp\u00fcren, das die meisten Patienten jedoch als vollkommen ertr\u00e4glich empfinden.<\/p>\n\n\n\n<p>Die Laser-Haarentfernungsbehandlung der Arme und Unterarme kann je nach Gr\u00f6\u00dfe des zu behandelnden Bereichs zwischen 20 Minuten und einer Stunde dauern.<\/p>\n\n\n\n<p>Nach der Behandlung k\u00f6nnen Sie sofort Ihre normalen t\u00e4glichen Aktivit\u00e4ten wieder aufnehmen. Es ist jedoch wichtig, die Anweisungen Ihres Laser-Haarentfernungsprofis zu befolgen, um Ihre Haut nach der Behandlung zu pflegen.<\/p>\n<\/div>\n<\/div>\n\n<div class=\"wp-block-columns BlockTexte is-layout-flex wp-container-core-columns-is-layout-9d6595d7 wp-block-columns-is-layout-flex\">\n<div class=\"wp-block-column is-layout-flow wp-block-column-is-layout-flow\">\n<h3 class=\"wp-block-heading has-text-align-center\">Erholung und Pflege nach der Laser-Haarentfernung<\/h3>\n\n\n\n<p>Nach einer Laser-Haarentfernung an Armen und Unterarmen k\u00f6nnen Sie eine leichte R\u00f6tung oder ein warmes Gef\u00fchl auf der behandelten Haut sp\u00fcren. Das ist v\u00f6llig normal und sollte schnell verschwinden. Sie k\u00f6nnen eine beruhigende Creme auftragen, die von Ihrem Laser-Haarentfernungsprofi empfohlen wird, um diese Symptome zu lindern.<\/p>\n\n\n\n<p>Es ist wichtig, nach der Behandlung mindestens zwei Wochen lang nicht der Sonne ausgesetzt zu sein. \u00dcberm\u00e4\u00dfige Sonneneinstrahlung kann das Risiko von Verbrennungen und Komplikationen erh\u00f6hen.<\/p>\n\n\n\n<p>Vermeiden Sie es auch, Ihre Arme und Unterarme mindestens vier Wochen nach der Behandlung zu wachsen. Dadurch k\u00f6nnen sich die Haarfollikel erholen und die Ergebnisse der Laser-Haarentfernung nicht beeintr\u00e4chtigen.<\/p>\n\n\n\n<p>Befolgen Sie unbedingt alle Anweisungen Ihres Laser-Haarentfernungsprofis, um eine optimale Erholung und lang anhaltende Ergebnisse zu erzielen.<\/p>\n<\/div>\n<\/div>\n\n<div class=\"wp-block-columns BlockTexte is-layout-flex wp-container-core-columns-is-layout-9d6595d7 wp-block-columns-is-layout-flex\">\n<div class=\"wp-block-column is-layout-flow wp-block-column-is-layout-flow\">\n<h3 class=\"wp-block-heading has-text-align-center\">Nebenwirkungen und potenzielle Risiken der Laser-Haarentfernung<\/h3>\n\n\n\n<p>Die Laser-Haarentfernung gilt im Allgemeinen als sichere und effektive Methode, um unerw\u00fcnschte Haare loszuwerden. Wie bei jeder medizinischen Behandlung gibt es jedoch einige potenzielle Risiken und Nebenwirkungen zu ber\u00fccksichtigen.<\/p>\n\n\n\n<p>H\u00e4ufige Nebenwirkungen der Laser-Haarentfernung an Armen und Unterarmen k\u00f6nnen leichte R\u00f6tungen, Hautempfindlichkeit und ein W\u00e4rmegef\u00fchl sein. Diese Nebenwirkungen sind in der Regel vor\u00fcbergehend und verschwinden nach der Behandlung schnell.<\/p>\n\n\n\n<p>In seltenen F\u00e4llen k\u00f6nnen schwerwiegendere Nebenwirkungen auftreten, wie Verbrennungen, Narbenbildung oder Ver\u00e4nderungen der Hautpigmentierung. Deshalb ist es wichtig, einen qualifizierten und erfahrenen Laser-Haarentfernungsprofi zu w\u00e4hlen, um diese Risiken zu minimieren.<\/p>\n\n\n\n<p>Bevor Sie sich einer Laser-Haarentfernungsbehandlung unterziehen, besprechen Sie m\u00f6gliche Risiken mit Ihrem Laser-Haarentfernungsexperten und stellen Sie alle Fragen, die Sie m\u00f6glicherweise haben.<\/p>\n<\/div>\n<\/div>\n\n<div class=\"wp-block-columns BlockTexte is-layout-flex wp-container-core-columns-is-layout-9d6595d7 wp-block-columns-is-layout-flex\">\n<div class=\"wp-block-column is-layout-flow wp-block-column-is-layout-flow\">\n<h3 class=\"wp-block-heading has-text-align-center\">Kosten f\u00fcr die Laser-Haarentfernung von Armen und Unterarmen in St. Louis<\/h3>\n\n\n\n<p>Die Kosten f\u00fcr die Laser-Haarentfernung der Arme und Unterarme in St. Louis k\u00f6nnen in Abh\u00e4ngigkeit von verschiedenen Faktoren variieren, wie z. B. der Gr\u00f6\u00dfe des zu behandelnden Bereichs, der Anzahl der erforderlichen Sitzungen und dem Ruf des Laser-Haarentfernungszentrums.<\/p>\n\n\n\n<p>Im Allgemeinen k\u00f6nnen die durchschnittlichen Kosten f\u00fcr eine Laser-Haarentfernung f\u00fcr Arme und Unterarme in Saint-Louis zwischen 90 und 390 Euro variieren. Es ist wichtig zu beachten, dass oft mehrere Sitzungen notwendig sind, um optimale Ergebnisse zu erzielen.<\/p>\n\n\n\n<p>Um ein genaues Angebot f\u00fcr Ihre Arm- und Unterarm-Laser-Haarentfernungsbehandlung zu erhalten, wird empfohlen, dass Sie einen Laser-Haarentfernungsprofi f\u00fcr eine pers\u00f6nliche Bewertung konsultieren.<\/p>\n<\/div>\n<\/div>\n\n<div class=\"wp-block-columns is-layout-flex wp-container-core-columns-is-layout-9d6595d7 wp-block-columns-is-layout-flex\">\n<div class=\"wp-block-column is-layout-flow wp-block-column-is-layout-flow\">\n<h2 class=\"wp-block-heading has-text-align-center\">H\u00e4ufig gestellte Fragen zur Laser-Haarentfernung<\/h2>\n\n\n<div id=\"rank-math-faq\" class=\"rank-math-block\">\n<div class=\"rank-math-list \">\n<div id=\"faq-question-6803a11b289b4\" class=\"rank-math-list-item\">\n<h3 class=\"rank-math-question \">1. L&#8217;\u00e9pilation au laser des bras et des avant-bras est-elle douloureuse ?<\/h3>\n<div class=\"rank-math-answer \">\n\n<p>Non, l&#8217;\u00e9pilation au laser des bras et des avant-bras est g\u00e9n\u00e9ralement sans douleur. Vous ressentirez une l\u00e9g\u00e8re sensation de chaleur pendant le traitement, mais la plupart des patients la trouvent parfaitement supportable.<\/p>\n\n<\/div>\n<\/div>\n<div id=\"faq-question-6803a11b289b6\" class=\"rank-math-list-item\">\n<h3 class=\"rank-math-question \">2. Combien de s\u00e9ances d&#8217;\u00e9pilation au laser sont n\u00e9cessaires pour obtenir des r\u00e9sultats optimaux ?<\/h3>\n<div class=\"rank-math-answer \">\n\n<p>Le nombre de s\u00e9ances d&#8217;\u00e9pilation au laser n\u00e9cessaires peut varier en fonction de diff\u00e9rents facteurs, tels que la couleur et l&#8217;\u00e9paisseur des poils. En g\u00e9n\u00e9ral, plusieurs s\u00e9ances sont n\u00e9cessaires pour obtenir des r\u00e9sultats optimaux.<\/p>\n\n<\/div>\n<\/div>\n<div id=\"faq-question-6803a11b289b7\" class=\"rank-math-list-item\">\n<h3 class=\"rank-math-question \">3. Combien de temps dure une s\u00e9ance d&#8217;\u00e9pilation au laser des bras et des avant-bras ?<\/h3>\n<div class=\"rank-math-answer \">\n\n<p>Une s\u00e9ance d&#8217;\u00e9pilation au laser des bras et des avant-bras peut prendre entre 20 minutes et une heure, en fonction de la taille de la zone \u00e0 traiter.<\/p>\n\n<\/div>\n<\/div>\n<div id=\"faq-question-6803a11b289b8\" class=\"rank-math-list-item\">\n<h3 class=\"rank-math-question \">4. Combien de temps faut-il pour se r\u00e9tablir apr\u00e8s une s\u00e9ance d&#8217;\u00e9pilation au laser des bras et des avant-bras ?<\/h3>\n<div class=\"rank-math-answer \">\n\n<p>La r\u00e9cup\u00e9ration apr\u00e8s une s\u00e9ance d&#8217;\u00e9pilation au laser des bras et des avant-bras est g\u00e9n\u00e9ralement rapide. Vous pouvez reprendre vos activit\u00e9s normales imm\u00e9diatement apr\u00e8s le traitement, mais il est important de suivre les instructions fournies par votre professionnel de l&#8217;\u00e9pilation au laser pour prendre soin de votre peau.<\/p>\n\n<\/div>\n<\/div>\n<\/div>\n<\/div><\/div>\n<\/div>\n\n<div class=\"wp-block-columns BlockTexte is-layout-flex wp-container-core-columns-is-layout-9d6595d7 wp-block-columns-is-layout-flex\">\n<div class=\"wp-block-column is-layout-flow wp-block-column-is-layout-flow\">\n<h3 class=\"wp-block-heading has-text-align-center\">Schlussfolgerung<\/h3>\n\n\n\n<p>Die Laser-Haarentfernung der Arme und Unterarme in St. Louis ist eine sichere, effektive und langlebige L\u00f6sung, um unerw\u00fcnschte Haare loszuwerden. Mit dieser fortschrittlichen Technik k\u00f6nnen Sie sich von der traditionellen Rasur und dem Wachsen verabschieden und sich jederzeit an weicher, makelloser Haut erfreuen.<\/p>\n\n\n\n<p>Entscheiden Sie sich f\u00fcr<strong> die Laser-Haarentfernung f\u00fcr Arme und Unterarme in St. Louis<\/strong> und entdecken Sie eine bequeme und schmerzfreie L\u00f6sung, um lang anhaltende Ergebnisse zu erzielen. Warten Sie nicht l\u00e4nger und vereinbaren Sie noch heute einen Termin, um f\u00fcr immer glatte, haarfreie Arme zu bekommen.<\/p>\n<\/div>\n<\/div>\n\n<div class=\"wp-block-columns is-layout-flex wp-container-core-columns-is-layout-9d6595d7 wp-block-columns-is-layout-flex\">\n<div class=\"wp-block-column is-layout-flow wp-block-column-is-layout-flow\">\n<div class=\"wp-block-buttons is-content-justification-center is-layout-flex wp-container-core-buttons-is-layout-16018d1d wp-block-buttons-is-layout-flex\">\n<div class=\"wp-block-button\"><a class=\"wp-block-button__link wp-element-button\" href=\"https:\/\/www.doctolib.fr\/centre-laser-et-esthetique\/saint-louis\/centre-biolaser\" target=\"_blank\" rel=\"noopener\">Vereinbaren Sie einen Termin<\/a><\/div>\n<\/div>\n<\/div>\n<\/div>\n","protected":false},"excerpt":{"rendered":"<p>Verabschieden Sie sich von unerw\u00fcnschten Haaren an Armen, Unterarmen und H\u00e4nden mit der Laser-Haarentfernung in St. Louis. Genie\u00dfen Sie eine dauerhafte und schmerzfreie L\u00f6sung f\u00fcr glatte und makellose Arme. Dank der hochmodernen Technologie, die in den Laser-Haarentfernungskliniken in Saint-Louis bei Mulhouse verwendet wird, k\u00f6nnen Sie sich von traditionellen Rasier- und Wachsmethoden verabschieden. Unser erfahrenes Team [&hellip;]<\/p>\n","protected":false},"author":3,"featured_media":8441,"parent":0,"menu_order":0,"comment_status":"closed","ping_status":"closed","template":"","meta":{"_acf_changed":false,"tpgb_global_settings":"","footnotes":""},"class_list":["post-9168","page","type-page","status-publish","has-post-thumbnail","hentry"],"acf":[],"tpgb_featured_images":{"full":["https:\/\/biolaser.fr\/wp-content\/uploads\/2024\/01\/5769956363337728.jpg",640,426,false],"tp-image-grid":["https:\/\/biolaser.fr\/wp-content\/uploads\/2024\/01\/5769956363337728-700x700.jpg",700,700,true],"thumbnail":["https:\/\/biolaser.fr\/wp-content\/uploads\/2024\/01\/5769956363337728-150x150.jpg",150,150,true],"medium":["https:\/\/biolaser.fr\/wp-content\/uploads\/2024\/01\/5769956363337728-300x200.jpg",300,200,true],"medium_large":["https:\/\/biolaser.fr\/wp-content\/uploads\/2024\/01\/5769956363337728.jpg",640,426,false],"large":["https:\/\/biolaser.fr\/wp-content\/uploads\/2024\/01\/5769956363337728.jpg",640,426,false],"default":"https:\/\/biolaser.fr\/wp-content\/plugins\/the-plus-addons-for-block-editor\/assets\/images\/tpgb-placeholder.jpg"},"tpgb_post_meta_info":{"get_date":"20. Januar 2024","author_name":"mthanacody","author_url":"https:\/\/biolaser.fr\/de\/author\/mthanacody\/","author_email":"mthanacody@gmail.com","author_website":"","author_description":"","author_facebook":"","author_twitter":"","author_instagram":"","author_role":["administrator"],"author_firstname":"","author_lastname":"","user_login":"mthanacody","comment_count":0,"post_likes":0,"post_views":0},"tpgb_post_category":[],"_links":{"self":[{"href":"https:\/\/biolaser.fr\/de\/wp-json\/wp\/v2\/pages\/9168","targetHints":{"allow":["GET"]}}],"collection":[{"href":"https:\/\/biolaser.fr\/de\/wp-json\/wp\/v2\/pages"}],"about":[{"href":"https:\/\/biolaser.fr\/de\/wp-json\/wp\/v2\/types\/page"}],"author":[{"embeddable":true,"href":"https:\/\/biolaser.fr\/de\/wp-json\/wp\/v2\/users\/3"}],"replies":[{"embeddable":true,"href":"https:\/\/biolaser.fr\/de\/wp-json\/wp\/v2\/comments?post=9168"}],"version-history":[{"count":3,"href":"https:\/\/biolaser.fr\/de\/wp-json\/wp\/v2\/pages\/9168\/revisions"}],"predecessor-version":[{"id":12961,"href":"https:\/\/biolaser.fr\/de\/wp-json\/wp\/v2\/pages\/9168\/revisions\/12961"}],"wp:featuredmedia":[{"embeddable":true,"href":"https:\/\/biolaser.fr\/de\/wp-json\/wp\/v2\/media\/8441"}],"wp:attachment":[{"href":"https:\/\/biolaser.fr\/de\/wp-json\/wp\/v2\/media?parent=9168"}],"curies":[{"name":"wp","href":"https:\/\/api.w.org\/{rel}","templated":true}]}}