{"id":9131,"date":"2023-12-04T01:40:56","date_gmt":"2023-12-04T00:40:56","guid":{"rendered":"https:\/\/biolaser.fr\/laser-haarentfernung-der-achselhoehlen-in-saint-louis\/"},"modified":"2024-06-23T13:56:08","modified_gmt":"2024-06-23T11:56:08","slug":"laser-haarentfernung-der-achselhoehlen-in-saint-louis","status":"publish","type":"page","link":"https:\/\/biolaser.fr\/de\/laser-haarentfernung-der-achselhoehlen-in-saint-louis\/","title":{"rendered":"Laser-Haarentfernung der Achselh\u00f6hlen in Saint-Louis"},"content":{"rendered":"\n<div class=\"wp-block-columns BlockVideo is-layout-flex wp-container-core-columns-is-layout-9d6595d7 wp-block-columns-is-layout-flex\">\n<div class=\"wp-block-column is-layout-flow wp-block-column-is-layout-flow\">\n<p><a href=\"https:\/\/biolaser.fr\/epilation-laser\/\">Die Laser-Haarentfernung <\/a>ist eine Technik, die die Welt der Sch\u00f6nheit und Hautpflege revolutioniert hat. Eine der fortschrittlichsten Technologien auf diesem Gebiet ist der <strong>Alexandritlaser &#8211; NdYag.<\/strong> Diese Art von Laser ist bekannt f\u00fcr seine hohe Effizienz und seine F\u00e4higkeit, unerw\u00fcnschte Haare dauerhaft zu entfernen.<\/p>\n\n\n\n<p>Der Alexandrit-NdYag-Laser emittiert Licht, das von Melanin, dem Pigment, das dem Haar seine Farbe verleiht, absorbiert wird. Dieses Licht wird dann in W\u00e4rme umgewandelt, die den Haarfollikel zerst\u00f6rt und das Nachwachsen der Haare verhindert.<\/p>\n\n\n\n<p>Es gibt verschiedene Arten von Lasern zur Haarentfernung, aber Alexandrit NdYag ist einer der beliebtesten. Seine l\u00e4ngere Wellenl\u00e4nge erm\u00f6glicht es, eine gr\u00f6\u00dfere Vielfalt an Hauttypen und Haarfarben effektiv zu behandeln, was es f\u00fcr viele Menschen zu einer idealen Option macht.<\/p>\n<\/div>\n\n\n\n<div class=\"wp-block-column is-vertically-aligned-center is-layout-flow wp-block-column-is-layout-flow\">\n<figure class=\"wp-block-image size-full\"><img fetchpriority=\"high\" decoding=\"async\" width=\"275\" height=\"183\" src=\"https:\/\/biolaser.fr\/wp-content\/uploads\/2023\/12\/images.jpeg\" alt=\"Laser-Haarentfernung im Biolaser Medical Center in der N&#xE4;he von Mulhouse\" class=\"wp-image-8198\"\/><\/figure>\n<\/div>\n<\/div>\n\n<div class=\"wp-block-columns BlockTexte is-layout-flex wp-container-core-columns-is-layout-9d6595d7 wp-block-columns-is-layout-flex\">\n<div class=\"wp-block-column is-layout-flow wp-block-column-is-layout-flow\">\n<h3 class=\"wp-block-heading has-text-align-center\">Laser-Achsel-Haarentfernung verstehen<\/h3>\n\n\n\n<p><strong><a href=\"https:\/\/biolaser.fr\/epilation-laser\/\">Die Laser-Haarentfernung <\/a>der Achselh\u00f6hlen ist ein Verfahren, das Ihren Komfort und Ihr Selbstvertrauen erheblich verbessern kann.<\/strong> Sie m\u00fcssen sich keine Sorgen um unerw\u00fcnschte Haare oder Reizungen durch Rasieren oder Wachsen machen. Mit der Laser-Haarentfernung k\u00f6nnen Sie sich endg\u00fcltig von Achselhaaren verabschieden.<\/p>\n\n\n\n<p>Die Laser-Haarentfernung der Achselh\u00f6hlen ist ein <strong>relativ einfacher Vorgang.<\/strong> Der Laser wird auf den Bereich unter dem Arm gerichtet, wo er auf die Haarfollikel abzielt. Die vom Laser erzeugte Hitze zerst\u00f6rt die Follikel, wodurch das Nachwachsen der Haare verhindert wird.<\/p>\n\n\n\n<p>Es ist wichtig zu beachten, dass <strong>die Laser-Haarentfernung der Achselh\u00f6hlen mehrere Sitzungen erfordert, um effektiv zu sein.<\/strong> Dies liegt daran, dass die Haare nicht alle gleichzeitig wachsen und der Laser nur Haare entfernen kann, die sich in ihrer aktiven Wachstumsphase befinden. Daher sind mehrere Sitzungen erforderlich, um sicherzustellen, dass alle Haare behandelt wurden.<\/p>\n<\/div>\n<\/div>\n\n<div class=\"wp-block-columns BlockTexte is-layout-flex wp-container-core-columns-is-layout-9d6595d7 wp-block-columns-is-layout-flex\">\n<div class=\"wp-block-column is-layout-flow wp-block-column-is-layout-flow\">\n<h3 class=\"wp-block-heading has-text-align-center\">Warum Alexandrite NdYag f\u00fcr die Laser-Haarentfernung f\u00fcr die Achselh\u00f6hlen w\u00e4hlen?<\/h3>\n\n\n\n<p>Es gibt mehrere Gr\u00fcnde, warum Sie Alexandrite NdYag f\u00fcr Ihre Achsellaser-Haarentfernung w\u00e4hlen sollten. In erster Linie <strong>ist es \u00e4u\u00dferst effektiv. <\/strong>Der Alexandrit-NdYag-Laser entfernt nachweislich unerw\u00fcnschte Haare dauerhaft, wobei die meisten Patienten bereits nach wenigen Sitzungen von einer deutlichen Verringerung des Haarwachstums berichten.<\/p>\n\n\n\n<p>Zweitens <strong>ist der Alexandrit-NdYag-Laser sicher in der Anwendung. <\/strong>Es wurde von der <strong>FDA<\/strong> f\u00fcr die Haarentfernung zugelassen, was bedeutet, dass es streng getestet und f\u00fcr die Anwendung auf der menschlichen Haut als sicher eingestuft wurde. Dar\u00fcber hinaus ist der Alexandrit-NdYag-Laser sehr pr\u00e4zise, was bedeutet, dass er nur auf die Haarfollikel abzielt und die umgebende Haut schont.<\/p>\n\n\n\n<p>Schlie\u00dflich ist die Alexandrite NdYag Laser-Haarentfernung <strong>relativ schmerzfrei. <\/strong>Nat\u00fcrlich hat jeder eine andere Schmerzgrenze, aber die meisten Menschen berichten, dass sich das Gef\u00fchl anf\u00fchlt, als w\u00fcrde ein Gummiband gegen die Haut knallen. Und mit jeder weiteren Sitzung nehmen die Schmerzen tendenziell ab, da weniger Haare vorhanden sind.<\/p>\n<\/div>\n<\/div>\n\n<div class=\"wp-block-columns BlockTexte is-layout-flex wp-container-core-columns-is-layout-9d6595d7 wp-block-columns-is-layout-flex\">\n<div class=\"wp-block-column is-layout-flow wp-block-column-is-layout-flow\">\n<h3 class=\"wp-block-heading has-text-align-center\">Der Prozess der Laser-Haarentfernung der Achselh\u00f6hlen im \u00c4sthetischen und Laserzentrum von Saint-Louis<\/h3>\n\n\n\n<p>Das Laserzentrum in der N\u00e4he von <strong>Mulhouse<\/strong>, Colmar und Belfort-Montb\u00e9liard ist auf die dauerhafte Laser-Haarentfernung spezialisiert. Das Team besteht aus \u00c4rzten und Krankenschwestern, die sich mit Laserbehandlungen auskennen.<\/p>\n\n\n\n<p>Der Prozess der Laser-Haarentfernung der Achselh\u00f6hlen mit Alexandrit NdYag ist einfach und unkompliziert. Vor der Behandlung <strong>wird Ihre Haut gereinigt und ein k\u00fchlendes Gel aufgetragen, um das Hitzegef\u00fchl zu minimieren.<\/strong><\/p>\n\n\n\n<p><strong>Der Arzt oder die Krankenschwester bewegt dann den Laser \u00fcber den zu behandelnden Bereich<\/strong> und achtet darauf, dass die gesamte Oberfl\u00e4che der Achselh\u00f6hlen bedeckt ist. Der Laser sendet Licht aus, das von den Haarfollikeln absorbiert wird, wodurch sie zerst\u00f6rt und das Haarwachstum verhindert werden.<\/p>\n\n\n\n<p>Nach der Behandlung kann eine beruhigende Creme aufgetragen werden, um R\u00f6tungen oder Reizungen zu reduzieren. Insgesamt <strong>ist der Prozess der Laser-Haarentfernung der Achselh\u00f6hlen mit Alexandrit NdYag schnell, einfach und effektiv.<\/strong><\/p>\n<\/div>\n<\/div>\n\n<div class=\"wp-block-columns BlockTexte is-layout-flex wp-container-core-columns-is-layout-9d6595d7 wp-block-columns-is-layout-flex\">\n<div class=\"wp-block-column is-layout-flow wp-block-column-is-layout-flow\">\n<h3 class=\"wp-block-heading has-text-align-center\">Die Vorteile der Laser-Achselhaarentfernung in Saint Louis<\/h3>\n\n\n\n<p><strong>Die Wahl der Laser-Haarentfernung der Achselh\u00f6hlen in Saint Louis bei Mulhouse hat viele Vorteile. und Basel<\/strong>  Zun\u00e4chst einmal k\u00f6nnen Sie von der Expertise hochqualifizierter und erfahrener Fachleute profitieren.  <strong>Die \u00c4rzte und Krankenschwestern in Saint Louis sind in der Verwendung des Alexandrit-NdYag-Lasers geschult und verf\u00fcgen \u00fcber umfangreiche Erfahrung in der Durchf\u00fchrung von Laser-Haarentfernungsbehandlungen.<\/strong><\/p>\n\n\n\n<p>Wenn Sie sich f\u00fcr eine Laser-Haarentfernung in Saint Louis entscheiden, k\u00f6nnen Sie au\u00dferdem von den neuesten Technologien und Techniken profitieren. Der Alexandrit-NdYag-Laser ist einer der effektivsten und sichersten Laser f\u00fcr die Haarentfernung.<\/p>\n\n\n\n<p>Schlie\u00dflich bedeutet die Wahl der Laser-Achselhaarentfernung in Saint Louis, dass Sie die Vorteile einer glatten, haarfreien Haut genie\u00dfen k\u00f6nnen. Machen Sie sich keine Sorgen mehr \u00fcber das Rasieren oder Wachsen &#8211; mit der Laser-Haarentfernung k\u00f6nnen Sie sich endg\u00fcltig von unerw\u00fcnschten Haaren verabschieden.<\/p>\n<\/div>\n<\/div>\n\n<div class=\"wp-block-columns BlockTexte is-layout-flex wp-container-core-columns-is-layout-9d6595d7 wp-block-columns-is-layout-flex\">\n<div class=\"wp-block-column is-layout-flow wp-block-column-is-layout-flow\">\n<h3 class=\"wp-block-heading has-text-align-center\">Was erwartet Sie bei der Laser-Haarentfernung der Achselh\u00f6hlen im Laserzentrum Saint-Louis?<\/h3>\n\n\n\n<p>Wenn Sie eine Laser-Haarentfernung der Achselh\u00f6hlen in Saint-Louis in der N\u00e4he von Mulhouse und Belfort-Montb\u00e9liard in Betracht ziehen, sollten Sie einige Dinge wissen. Zun\u00e4chst einmal sollten Sie wissen, dass die Laser-Haarentfernung <strong>mehrere Sitzungen erfordert, um wirklich effektiv zu sein<\/strong>. Dies liegt daran, dass die Haare nicht alle gleichzeitig wachsen und der Laser die Haare, die sich in ihrer aktiven Wachstumsphase befinden, nicht entfernen kann.<\/p>\n\n\n\n<p>Zweitens sollten Sie wissen, dass die Laser-Haarentfernung nicht v\u00f6llig schmerzfrei ist. Die meisten Menschen beschreiben das Gef\u00fchl als ein Gummiband, das gegen die Haut knallt. Die meisten Menschen stellen jedoch fest, dass die Schmerzen ertr\u00e4glich sind und mit jeder weiteren Sitzung abnehmen.<\/p>\n\n\n\n<p>Schlie\u00dflich sollten Sie wissen, dass <strong>die Haut nach der Behandlung etwas ger\u00f6tet und gereizt sein kann<\/strong>. Dies sollte jedoch innerhalb weniger Tage verschwinden. Es wird auch empfohlen, Sonneneinstrahlung nach der Behandlung zu vermeiden, da dies die Haut weiter reizen kann.<\/p>\n<\/div>\n<\/div>\n\n<div class=\"wp-block-columns BlockTexte is-layout-flex wp-container-core-columns-is-layout-9d6595d7 wp-block-columns-is-layout-flex\">\n<div class=\"wp-block-column is-layout-flow wp-block-column-is-layout-flow\">\n<h3 class=\"wp-block-heading has-text-align-center\">Tipps nach der Laser-Haarentfernung der Achselh\u00f6hlen<\/h3>\n\n\n\n<p>Nach der Laser-Haarentfernung der Achselh\u00f6hlen gibt es einige Tipps, die Sie befolgen sollten, um die bestm\u00f6glichen Ergebnisse zu erzielen.  <\/p>\n\n\n\n<p><strong>Vermeiden Sie zun\u00e4chst mindestens eine Woche nach der Behandlung Sonneneinstrahlung. Die Sonne kann die behandelte Haut reizen und sogar Pigmentflecken verursachen.<\/strong><\/p>\n\n\n\n<p><strong>Zweitens, vermeiden Sie die Verwendung von Wachs oder das Zupfen von Haaren, die nach der Behandlung wachsen.<\/strong> Diese Haare fallen aus und das Rasieren oder Wachsen kann diesen Prozess st\u00f6ren.<\/p>\n\n\n\n<p>Befolgen Sie schlie\u00dflich alle Pflegeanweisungen Ihres Arztes nach der Behandlung. Dies kann die Verwendung beruhigender Cremes oder die Vermeidung bestimmter Hautpflegeprodukte umfassen.<\/p>\n<\/div>\n<\/div>\n\n<div class=\"wp-block-columns BlockTexte is-layout-flex wp-container-core-columns-is-layout-9d6595d7 wp-block-columns-is-layout-flex\">\n<div class=\"wp-block-column is-layout-flow wp-block-column-is-layout-flow\">\n<h3 class=\"wp-block-heading has-text-align-center\">Testimonials: Erfolgsgeschichten der Laser-Haarentfernung der Achselh\u00f6hlen in Saint Louis  <\/h3>\n\n\n\n<p>Es gibt viele Frauen und M\u00e4nner in Saint Louis, die mit der Laser-Haarentfernung aus den Achselh\u00f6hlen gro\u00dfe Erfolge erzielt haben. Viele berichten von einer deutlichen Verringerung des Haarwachstums bereits nach wenigen Sitzungen und viele freuen sich, sich nicht mehr um das Rasieren oder Wachsen k\u00fcmmern zu m\u00fcssen.<\/p>\n\n\n\n<p>Ein Kunde sagte: &#8222;Ich war zuerst skeptisch, aber nach ein paar Sitzungen bemerkte ich einen gro\u00dfen Unterschied. Ich habe fast keine Haare unter den Armen und bin so erleichtert, dass ich mich nicht mehr st\u00e4ndig rasieren muss.&#8220;<\/p>\n\n\n\n<p>Ein anderer Kunde teilte mit: &#8222;Die Laser-Haarentfernung war f\u00fcr mich eine echte Revolution. Ich bin jetzt so viel selbstbewusster, dass ich mir keine Sorgen mehr um Haare unter meinen Armen machen muss. Ich empfehle die Laser-Haarentfernung jedem, der es satt hat, sich zu rasieren und zu wachsen.&#8220;<\/p>\n\n\n\n<div class=\"wp-block-columns BlockTexte is-layout-flex wp-container-core-columns-is-layout-9d6595d7 wp-block-columns-is-layout-flex\">\n<div class=\"wp-block-column is-layout-flow wp-block-column-is-layout-flow\">\n<h3 class=\"wp-block-heading has-text-align-center\">Wo kann ich in Saint Louis eine Laser-Haarentfernung aus meinen Achselh\u00f6hlen erhalten?<\/h3>\n\n\n\n<p><strong>Wenn Sie in Saint Louis oder in der Region Mulhouse oder Belfort sind und nach einem Ort suchen, an dem Sie eine Laser-Haarentfernung der Achselh\u00f6hlen durchf\u00fchren lassen k\u00f6nnen, suchen Sie nicht weiter, das Biolaser Medical Center \u00f6ffnet Ihnen seine T\u00fcren f\u00fcr eine lang anhaltende, sichere und effektive Haarentfernung <\/strong>. Unsere hochqualifizierten und erfahrenen \u00c4rzte und Krankenschwestern sind hier, um Ihnen zu helfen, die glatte, haarfreie Haut zu erreichen, die Sie sich w\u00fcnschen.<\/p>\n\n\n\n<p>Wir verwenden den Alexandrit-NdYag-Laser, einen der effektivsten und sichersten Laser f\u00fcr die Haarentfernung. Wir sind bestrebt, unseren Kunden die bestm\u00f6gliche Betreuung zu bieten, und wir sind zuversichtlich, dass Sie von den Ergebnissen begeistert sein werden.<\/p>\n<\/div>\n<\/div>\n\n\n\n<div class=\"wp-block-columns BlockTexte is-layout-flex wp-container-core-columns-is-layout-9d6595d7 wp-block-columns-is-layout-flex\">\n<div class=\"wp-block-column is-layout-flow wp-block-column-is-layout-flow\">\n<h3 class=\"wp-block-heading has-text-align-center\">Schlussfolgerung<\/h3>\n\n\n\n<p><strong>Die Laser-Haarentfernung der Achselh\u00f6hlen mit Alexandrit NdYag ist eine effektive und sichere Option zur Entfernung unerw\u00fcnschter Haare.<\/strong>  Egal, ob Sie es satt haben, sich zu rasieren oder zu wachsen, oder einfach nur nach einer langfristigen L\u00f6sung f\u00fcr Achselhaare suchen, die Laser-Haarentfernung k\u00f6nnte die L\u00f6sung sein, nach der Sie suchen.<\/p>\n\n\n\n<p><strong>In St. Louis sind wir stolz darauf, unseren Kunden diesen Service mit einem Laser der neuesten Generation anbieten zu k\u00f6nnen.<\/strong>  Unsere \u00c4rzte und Krankenschwesternassistenten sind bestens ausgebildet und erfahren, und wir verwenden die fortschrittlichste Lasertechnologie, um Ihnen die bestm\u00f6glichen Ergebnisse zu liefern. Warum also warten? Buchen Sie noch heute einen Termin, um Ihre Reise zu glatter, haarfreier Haut zu beginnen.<\/p>\n<\/div>\n<\/div>\n<\/div>\n<\/div>\n\n<div class=\"wp-block-buttons is-content-justification-center is-layout-flex wp-container-core-buttons-is-layout-16018d1d wp-block-buttons-is-layout-flex\">\n<div class=\"wp-block-button\"><a class=\"wp-block-button__link wp-element-button\" href=\"https:\/\/www.doctolib.fr\/centre-laser-et-esthetique\/saint-louis\/centre-biolaser\" target=\"_blank\" rel=\"noopener\">Vereinbaren Sie einen Termin auf Doctolib<\/a><\/div>\n<\/div>\n","protected":false},"excerpt":{"rendered":"<p>Die Laser-Haarentfernung der Achselh\u00f6hlen mit Alexandrit NdYag ist eine effektive und sichere Option zur Entfernung unerw\u00fcnschter Haare.  <\/p>\n","protected":false},"author":3,"featured_media":0,"parent":0,"menu_order":0,"comment_status":"closed","ping_status":"closed","template":"","meta":{"_acf_changed":false,"tpgb_global_settings":"","footnotes":""},"class_list":["post-9131","page","type-page","status-publish","hentry"],"acf":[],"tpgb_featured_images":null,"tpgb_post_meta_info":{"get_date":"4. Dezember 2023","author_name":"mthanacody","author_url":"https:\/\/biolaser.fr\/de\/author\/mthanacody\/","author_email":"mthanacody@gmail.com","author_website":"","author_description":"","author_facebook":"","author_twitter":"","author_instagram":"","author_role":["administrator"],"author_firstname":"","author_lastname":"","user_login":"mthanacody","comment_count":0,"post_likes":0,"post_views":0},"tpgb_post_category":[],"_links":{"self":[{"href":"https:\/\/biolaser.fr\/de\/wp-json\/wp\/v2\/pages\/9131","targetHints":{"allow":["GET"]}}],"collection":[{"href":"https:\/\/biolaser.fr\/de\/wp-json\/wp\/v2\/pages"}],"about":[{"href":"https:\/\/biolaser.fr\/de\/wp-json\/wp\/v2\/types\/page"}],"author":[{"embeddable":true,"href":"https:\/\/biolaser.fr\/de\/wp-json\/wp\/v2\/users\/3"}],"replies":[{"embeddable":true,"href":"https:\/\/biolaser.fr\/de\/wp-json\/wp\/v2\/comments?post=9131"}],"version-history":[{"count":1,"href":"https:\/\/biolaser.fr\/de\/wp-json\/wp\/v2\/pages\/9131\/revisions"}],"predecessor-version":[{"id":9133,"href":"https:\/\/biolaser.fr\/de\/wp-json\/wp\/v2\/pages\/9131\/revisions\/9133"}],"wp:attachment":[{"href":"https:\/\/biolaser.fr\/de\/wp-json\/wp\/v2\/media?parent=9131"}],"curies":[{"name":"wp","href":"https:\/\/api.w.org\/{rel}","templated":true}]}}