{"id":3935,"date":"2022-12-19T10:37:57","date_gmt":"2022-12-19T09:37:57","guid":{"rendered":"https:\/\/biolaser.fr\/melasma\/"},"modified":"2025-04-13T16:01:45","modified_gmt":"2025-04-13T14:01:45","slug":"melasma","status":"publish","type":"page","link":"https:\/\/biolaser.fr\/de\/melasma\/","title":{"rendered":"Melasma"},"content":{"rendered":"\n<ul class=\"wp-block-list\">\n<li>Es handelt sich um eine gutartige Dermatose, die die Lebensqualit\u00e4t beeintr\u00e4chtigt und deren therapeutisches Management nach wie vor schwierig ist. Es handelt sich um eine <strong>anhaltende und wiederkehrende<\/strong> Hyperpigmentierung, deren Intensit\u00e4t schwankt (der Fleck ist manchmal heller oder dunkler). <\/li>\n\n\n\n<li>Das Melasma beginnt in der Pubert\u00e4t oder sp\u00e4ter, mit Ausnahme der dunkleren Hauttypen, die dazu neigen, dieses Problem bereits im ersten Lebensjahrzehnt zu entwickeln.<\/li>\n\n\n\n<li>Es betrifft die Mehrheit der jungen Frauen (9 von 10 F\u00e4llen) und befindet sich bevorzugt im Gesicht. Sch\u00e4den beim Menschen sind deutlich seltener.<\/li>\n\n\n\n<li>Es tritt am h\u00e4ufigsten bei dunkleren Hauttypen (Fitzpatrick-Hauttypen IV bis VI) auf, insbesondere bei Hispanics\/Latinos, Asiaten und Afroamerikanern.<\/li>\n\n\n\n<li>Mehr als 1\/3 der neuen Melasma-Erscheinungen treten w\u00e4hrend der Schwangerschaft und 1\/4 mit oralen Kontrazeptiva auf.<\/li>\n<\/ul>\n\n<div class=\"wp-block-columns BlockTexte is-layout-flex wp-container-core-columns-is-layout-9d6595d7 wp-block-columns-is-layout-flex\">\n<div class=\"wp-block-column is-layout-flow wp-block-column-is-layout-flow\">\n<h3 class=\"wp-block-heading has-text-align-center\">Es gibt verschiedene Arten von Melasma<\/h3>\n\n\n\n<ul class=\"wp-block-list\">\n<li><strong><u>Epidermales Melasma:<\/u><\/strong> betrifft die oberfl\u00e4chlichen Hautschichten. Die Hyperpigmentierung hat eine braune Farbe mit gut definierten Konturen. <\/li>\n\n\n\n<li><strong><u>Dermales Melasma:<\/u><\/strong> betrifft die tiefste Ebene der Dermis und ist durch blaugraue Flecken gekennzeichnet.<\/li>\n\n\n\n<li><strong><u>Gemischtes Melasma:<\/u><\/strong> (eine Kombination aus dermalem und epidermalem Melasma) erscheint in Form eines graubraunen Pigments.<\/li>\n<\/ul>\n\n\n\n<div style=\"height:30px\" aria-hidden=\"true\" class=\"wp-block-spacer\"><\/div>\n\n\n\n<h3 class=\"wp-block-heading has-text-align-center\"><strong>Klinische Formen entsprechend der Topographie der Hyperpigmentierung:<\/strong><\/h3>\n\n\n\n<ul class=\"wp-block-list\">\n<li><strong>Zentrofaziales Melasma: <\/strong>Es ist die h\u00e4ufigste Form mit Flecken, die normalerweise symmetrisch sind und sich auf der Stirn, der Nase, den Wangen, der Oberlippe und dem Kinn befinden.<\/li>\n\n\n\n<li><strong>Malar melasma:<\/strong> Es tritt auf der Nase und den Wangen auf.<\/li>\n\n\n\n<li><strong>Melasma mandibul\u00e4r: <\/strong>Sie bildet Flecken am aufsteigenden Ast des Unterkiefers (Unterkieferknochen).<\/li>\n\n\n\n<li><strong>Labio-Kinnmelasma mit Beteiligung der Oberlippe und des Kinns<\/strong><\/li>\n<\/ul>\n\n\n\n<div style=\"height:29px\" aria-hidden=\"true\" class=\"wp-block-spacer\"><\/div>\n\n\n\n<h3 class=\"wp-block-heading has-text-align-center\">Ursachen von Melasma<\/h3>\n\n\n\n<p>Die \u00c4tiopathogenese des Melasmas ist komplex und vielf\u00e4ltig.<\/p>\n\n\n<div class=\"tpgb-tabs-tours tpgb-block-f4ee47  tab-view-horizontal MyTabs \"><div class=\"tpgb-tabs-wrapper tpex-   nav-one-by-one \"    data-tab-default=\"1\" data-tab-hover=\"no\"  ><div class=\"tpgb-tabs-nav-wrapper  text-center  \"><div class=\"tpgb-tabs-nav  normal-width-icon  full-width  \"><div class=\"tpgb-tab-li\"><div id=\"\" class=\"tpgb-tab-header  active\" data-tab=\"1\" role=\"tab\" ><span>L&#8217;exposition aux UV et \u00e0 la lumi\u00e8re<\/span><\/div><\/div><div class=\"tpgb-tab-li\"><div id=\"\" class=\"tpgb-tab-header \" data-tab=\"2\" role=\"tab\" ><span>Les variations hormonales<\/span><\/div><\/div><div class=\"tpgb-tab-li\"><div id=\"\" class=\"tpgb-tab-header \" data-tab=\"3\" role=\"tab\" ><span>Une pr\u00e9disposition g\u00e9n\u00e9tique<\/span><\/div><\/div><div class=\"tpgb-tab-li\"><div id=\"\" class=\"tpgb-tab-header \" data-tab=\"4\" role=\"tab\" ><span>R\u00e9actions \u00e0 des produits cosm\u00e9tiques et m\u00e9dicaments<\/span><\/div><\/div><div class=\"tpgb-tab-li\"><div id=\"\" class=\"tpgb-tab-header \" data-tab=\"5\" role=\"tab\" ><span>Microtraumatismes r\u00e9p\u00e9t\u00e9s<\/span><\/div><\/div><div class=\"tpgb-tab-li\"><div id=\"\" class=\"tpgb-tab-header \" data-tab=\"6\" role=\"tab\" ><span>R\u00f4le de la micro vascularisation cutan\u00e9e <\/span><\/div><\/div><\/div><\/div><div class=\"tpgb-tabs-content-wrapper\" ><div class=\"tab-mobile-title  active text-center\" data-tab=\"1\" role=\"tab\"><span>L&#8217;exposition aux UV et \u00e0 la lumi\u00e8re<\/span><\/div><div class=\"tab-mobile-title  text-center\" data-tab=\"2\" role=\"tab\"><span>Les variations hormonales<\/span><\/div><div class=\"tab-mobile-title  text-center\" data-tab=\"3\" role=\"tab\"><span>Une pr\u00e9disposition g\u00e9n\u00e9tique<\/span><\/div><div class=\"tab-mobile-title  text-center\" data-tab=\"4\" role=\"tab\"><span>R\u00e9actions \u00e0 des produits cosm\u00e9tiques et m\u00e9dicaments<\/span><\/div><div class=\"tab-mobile-title  text-center\" data-tab=\"5\" role=\"tab\"><span>Microtraumatismes r\u00e9p\u00e9t\u00e9s<\/span><\/div><div class=\"tab-mobile-title  text-center\" data-tab=\"6\" role=\"tab\"><span>R\u00f4le de la micro vascularisation cutan\u00e9e <\/span><\/div>\n<div class=\"tpgb-tab-content  active \" data-tab=\"1\" role=\"tabpanel\" >\n\n<p><strong>Das ist der Hauptfaktor<\/strong> : <strong>UV und sichtbares Licht<\/strong>. Es kommt zu einer \u00dcberempfindlichkeit der Pigmentzellen der Haut (Melanozyten) gegen Lichtstrahlen, was erkl\u00e4rt, warum sich diese Dermatose im Fr\u00fchling und Sommer sehr oft verschlimmert. <\/p>\n\n<\/div>\n\n<div class=\"tpgb-tab-content  \" data-tab=\"2\" role=\"tabpanel\" >\n\n<p>\u00d6strogenrezeptoren wurden auf Melanozyten (Pigmentzellen) in Melasmal\u00e4sionen gefunden:<\/p>\n\n\n\n<ul class=\"wp-block-list\">\n<li>W\u00e4hrend der <strong>Schwangerschaft<\/strong> wird die Haut durch hormonelle Ver\u00e4nderungen viel lichtempfindlicher, was die Produktion von Pigmenten auf der Epidermis anregt. Es wird als Schwangerschaftsmaske bezeichnet, wenn es w\u00e4hrend der Schwangerschaft auftritt. <\/li>\n\n\n\n<li><strong>Einnahme von oralen Kontrazeptiva<\/strong> <strong>oder Hormonersatztherapie (HRT):<\/strong> Es wird angenommen, dass \u00d6strogen-Gestagen-Pillen zur Produktion von Melanozyten (Zellen, die die Haut pigmentieren) f\u00fchren, die das Auftreten von Melasma verursachen. Es tritt bei 10 bis 25% der Frauen auf, die orale Kontrazeptiva einnehmen. <\/li>\n<\/ul>\n\n\n\n<p>Bestimmte hormonelle Erkrankungen, wie z. B. <strong>Schilddr\u00fcsenerkrankungen<\/strong>, k\u00f6nnen Melasmen ausl\u00f6sen.<\/p>\n\n<\/div>\n\n<div class=\"tpgb-tab-content  \" data-tab=\"3\" role=\"tabpanel\" >\n\n<p>Manchen Menschen wird eine besondere Lichtempfindlichkeit nachgesagt.<\/p>\n\n<\/div>\n\n<div class=\"tpgb-tab-content  \" data-tab=\"4\" role=\"tabpanel\" >\n\n<p>Einige Chemikalien, wie z. B. orale oder topische Behandlungen, Medikamente, Parf\u00fcms und \u00e4therische \u00d6le, k\u00f6nnen eine photosensibilisierende Wirkung haben, wenn sie Licht ausgesetzt werden.<\/p>\n\n<\/div>\n\n<div class=\"tpgb-tab-content  \" data-tab=\"5\" role=\"tabpanel\" >\n\n<p>T\u00e4gliche und wiederholte Mikrotraumen im Gesicht k\u00f6nnten eine Rolle bei der Verschlimmerung und Aufrechterhaltung von Melasmal\u00e4sionen spielen. Die Topographie des Melasmas entspricht den kn\u00f6chernen Reliefs, die beim Waschen und bei instinktiven Gesten, beim Schminken und Abschminken der Reibung ausgesetzt sind.<\/p>\n\n<\/div>\n\n<div class=\"tpgb-tab-content  \" data-tab=\"6\" role=\"tabpanel\" >\n\n<p>Bestimmte damit verbundene Pathologien wie Rosacea k\u00f6nnen das Melasma (N\u00e4hrstoffaufnahme) stimulieren und aufrechterhalten.<\/p>\n\n\n\n<p>Die Wirksamkeit von Tranexams\u00e4ure, einem Plasminogenhemmer und dem gepulsten Farbstofflaser, der haupts\u00e4chlich auf die vaskul\u00e4ren Bestandteile der Haut abzielt, unterst\u00fctzt die Gef\u00e4\u00dftheorie des Melasmas.<\/p>\n\n\n\n<p><strong>Zusammenfassend l\u00e4sst sich sagen, dass Melasma das Ergebnis eines Zusammenspiels zwischen hormonellen Faktoren (\u00d6strogen), famili\u00e4ren und Umweltfaktoren (ultraviolettes und sichtbares Spektrum) ist, die eine erh\u00f6hte und unkontrollierte Produktion von Pigmenten in der Haut verursachen.<\/strong><\/p>\n\n<\/div>\n<\/div><\/div><\/div><\/div>\n<\/div>\n\n<div class=\"wp-block-columns BlockTexte is-layout-flex wp-container-core-columns-is-layout-9d6595d7 wp-block-columns-is-layout-flex\">\n<div class=\"wp-block-column is-layout-flow wp-block-column-is-layout-flow\">\n<h3 class=\"wp-block-heading has-text-align-center\"><strong>Wie kann man die Verschlimmerung von Melasma verhindern und vermeiden?<\/strong><\/h3>\n\n\n\n<p><strong>Sonnenschutz:<\/strong> Der Sonnenschutz ist wohl der wichtigste Teil der Behandlung. Bei der geringsten Sonneneinstrahlung verdunkeln sich die L\u00e4sionen. Eine Stunde, die man ohne geeigneten Schutz auf der Terrasse eines Caf\u00e9s verbringt, f\u00fchrt \u00fcber mehrere Monate zur Verschlimmerung des Melasmas.  <\/p>\n\n\n\n<ul class=\"wp-block-list\">\n<li>Im Sommer ist das Tragen eines Hutes und einer Sonnenbrille unerl\u00e4sslich.<\/li>\n\n\n\n<li>Tragen Sie mehrmals t\u00e4glich <strong>UVA\/UVB-Sonnenschutzmittel<\/strong> mit <strong>Lichtschutzfaktor 50+<\/strong> auf, vorzugsweise solche, die einen <strong>Blaulichtfilter<\/strong> enthalten<\/li>\n<\/ul>\n\n\n\n<p><strong>Vermeiden Sie Parf\u00fcms<\/strong> : Bevorzugen Sie parf\u00fcmfreie Cremes und Sonnenschutzmittel.<\/p>\n\n\n\n<p><strong>Vermeiden Sie wiederholtes Reiben\/Reiben des Gesichts.<\/strong><\/p>\n\n\n\n<p><strong>Sprechen Sie mit Ihrem Gyn\u00e4kologen \u00fcber den Pillenwechsel.<\/strong><\/p>\n\n\n\n<div style=\"height:30px\" aria-hidden=\"true\" class=\"wp-block-spacer\"><\/div>\n\n\n\n<h3 class=\"wp-block-heading has-text-align-center\"><strong>Welche Peeling-Behandlungen gibt es im Biolaser-Zentrum in Mulhouse\/Saint-Louis f\u00fcr Melasma?<\/strong><\/h3>\n\n\n\n<p><strong>Dermatologische Peelings<\/strong> verbessern das Melasma. Das Ziel dieser Peelings ist es, das Eindringen der Wirkstoffe des depigmentierenden Peelings zu f\u00f6rdern. <\/p>\n\n\n\n<h4 class=\"wp-block-heading\"><strong><span style=\"text-decoration: underline;\">Im Falle eines k\u00fcrzlich aufgetretenen oder unbehandelten Melasmas:<\/span><\/strong><\/h4>\n\n\n\n<p><strong>Die Behandlung ist wirksamer, wenn die Behandlung fr\u00fchzeitig (weniger als 2 Jahre nach dem Auftreten der &#8222;Schwangerschaftsmaske&#8220;) erfolgt.<\/strong><strong><u><\/u><\/strong><\/p>\n\n\n\n<p>Das Ziel der Behandlung ist es, keine Entz\u00fcndung zu erzeugen, um einen R\u00fcckprall der Pigmente zu vermeiden.<\/p>\n\n\n\n<p>Wir verwenden oberfl\u00e4chliche Peelings wie <strong><u>LUMILIGHT ODER CRYSTAL PEEL <\/u><\/strong>in Kombination mit einer depigmentierenden Creme:<\/p>\n\n\n\n<p><strong>LUMILIGHT PEEL<\/strong> ist ein oberfl\u00e4chliches dermatologisches Peeling, das die Erneuerung der Epidermis beschleunigt, um die Pigmentierung zu homogenisieren und Pigmentdefekte in der Haut zu reduzieren. Es ist indiziert bei der Behandlung von Verf\u00e4rbungen: oberfl\u00e4chliche Pigmentst\u00f6rungen, oberfl\u00e4chliches Melasma und solare Lentigines, Inhomogenit\u00e4t des Teints. <\/p>\n\n\n\n<p><strong>CRYSTAL PEEL<\/strong> ist indiziert zur Behandlung von Melasma, solaren und senilen Lentigines, postinflammatorischer Pigmentierung, leichter Akne und Hyperkeraose. Es k\u00f6nnen bis zu 3 Sitzungen im Abstand von 3 Wochen durchgef\u00fchrt werden. <\/p>\n\n\n\n<h4 class=\"wp-block-heading\"><strong><span style=\"text-decoration: underline;\">Bei altem Melasma (&gt; 2 Jahre), rezidivierendem, mehrfach behandeltem oder dermalem Melasma<\/span><\/strong><\/h4>\n\n\n\n<p>Die Behandlung ist langwierig und die Ergebnisse sind schwer vorherzusagen, da Rezidive bei Melasmen h\u00e4ufig sind. Wir reduzieren, ohne dass die Flecken verschwinden, aber wir verhindern, dass sie sich verschlimmern:<\/p>\n\n\n\n<p><strong>MELA PEEL FORTE<\/strong> ist indiziert f\u00fcr die Behandlung von wiederkehrenden, mehrfach behandelten Melasmen, Post-Laser- oder Post-TCA-Pigmentrebounds, Pigmentflecken sowie solaren und senilen Lentigines. F\u00fcr eine bessere Wirksamkeit wurden bestimmte Konzentrationen von depigmentierenden und keratolytischen Wirkstoffen erh\u00f6ht, so dass sie den Phototypen I bis IV vorbehalten sind. <\/p>\n\n\n\n<p><strong>MELA PEEL FORTE<\/strong> kann f\u00fcr bis zu 2 Sitzungen im Abstand von 30 Tagen wiederholt werden<\/p>\n\n\n\n<h4 class=\"wp-block-heading\"><strong><u>In allen F\u00e4llen<\/u><\/strong> :<\/h4>\n\n\n\n<ul class=\"wp-block-list\">\n<li><strong>Ein<\/strong> Breitband-Sonnenschutz <strong> mit Lichtschutzfaktor 50+ (UVB- und UVA-, violetter und blauer Schutz), der das ganze Jahr \u00fcber jeden Morgen aufgetragen werden kann<\/strong><\/li>\n\n\n\n<li>Der Arzt verschreibt eine nicht reizende <strong>depigmentierende Creme<\/strong> <strong>auf Hydrochinon-Basis<\/strong>, die jeden Abend zur Vorbereitung ( <strong>Kligman Trio)<\/strong> oder als spezielle Creme aufgetragen wird.<\/li>\n\n\n\n<li>Im Falle einer R\u00f6tung oder einer damit verbundenen Rosacea sollten oberfl\u00e4chliche Peeling-Sitzungen mit <strong>vaskul\u00e4ren Lasersitzungen<\/strong> abgewechselt werden, die mit <strong>Tranexams\u00e4ure<\/strong> in Verbindung gebracht werden k\u00f6nnen.<\/li>\n\n\n\n<li>Laser\/IPLs sind keine Erstlinienbehandlung.<\/li>\n<\/ul>\n<\/div>\n<\/div>\n\n<div class=\"wp-block-buttons is-content-justification-center is-layout-flex wp-container-core-buttons-is-layout-16018d1d wp-block-buttons-is-layout-flex\">\n<div class=\"wp-block-button\"><a class=\"wp-block-button__link wp-element-button\" href=\"https:\/\/www.doctolib.fr\/centre-laser-et-esthetique\/saint-louis\/centre-biolaser\" target=\"_blank\" rel=\"noopener\">Vereinbaren Sie einen Termin<\/a><\/div>\n<\/div>\n","protected":false},"excerpt":{"rendered":"<p>Melasma (Chloasma oder Schwangerschaftsmaske) ist eine h\u00e4ufige Pigmentst\u00f6rung, die sich durch unregelm\u00e4\u00dfige, ungef\u00e4hr symmetrische, zusammenflie\u00dfende Flecken in Schichten manifestiert, die eine hell- oder dunkelbraune Farbe des Gesichts haben (Stirn, Schl\u00e4fen, Wangen, Nase, Oberlippe).  <\/p>\n","protected":false},"author":1,"featured_media":0,"parent":0,"menu_order":0,"comment_status":"closed","ping_status":"closed","template":"","meta":{"_acf_changed":false,"tpgb_global_settings":"","footnotes":""},"class_list":["post-3935","page","type-page","status-publish","hentry"],"acf":[],"tpgb_featured_images":null,"tpgb_post_meta_info":{"get_date":"19. Dezember 2022","author_name":"DGSCreation","author_url":"https:\/\/biolaser.fr\/de\/author\/dgscreation\/","author_email":"contact@dgs-creation.fr","author_website":"https:\/\/protectferm.fr","author_description":"","author_facebook":"","author_twitter":"","author_instagram":"","author_role":["administrator"],"author_firstname":"","author_lastname":"","user_login":"DGSCreation","comment_count":0,"post_likes":0,"post_views":0},"tpgb_post_category":[],"_links":{"self":[{"href":"https:\/\/biolaser.fr\/de\/wp-json\/wp\/v2\/pages\/3935","targetHints":{"allow":["GET"]}}],"collection":[{"href":"https:\/\/biolaser.fr\/de\/wp-json\/wp\/v2\/pages"}],"about":[{"href":"https:\/\/biolaser.fr\/de\/wp-json\/wp\/v2\/types\/page"}],"author":[{"embeddable":true,"href":"https:\/\/biolaser.fr\/de\/wp-json\/wp\/v2\/users\/1"}],"replies":[{"embeddable":true,"href":"https:\/\/biolaser.fr\/de\/wp-json\/wp\/v2\/comments?post=3935"}],"version-history":[{"count":3,"href":"https:\/\/biolaser.fr\/de\/wp-json\/wp\/v2\/pages\/3935\/revisions"}],"predecessor-version":[{"id":11640,"href":"https:\/\/biolaser.fr\/de\/wp-json\/wp\/v2\/pages\/3935\/revisions\/11640"}],"wp:attachment":[{"href":"https:\/\/biolaser.fr\/de\/wp-json\/wp\/v2\/media?parent=3935"}],"curies":[{"name":"wp","href":"https:\/\/api.w.org\/{rel}","templated":true}]}}