{"id":3862,"date":"2026-04-29T17:58:46","date_gmt":"2026-04-29T15:58:46","guid":{"rendered":"https:\/\/biolaser.fr\/acide-hyaluronique-ovale-du-visage\/"},"modified":"2026-04-29T18:30:15","modified_gmt":"2026-04-29T16:30:15","slug":"hyaluronsaure-gesichtsoval","status":"publish","type":"page","link":"https:\/\/biolaser.fr\/de\/hyaluronsaure-gesichtsoval\/","title":{"rendered":"Hyalurons\u00e4ure: Oval des Gesichts"},"content":{"rendered":"\n<div style=\"height:58px\" aria-hidden=\"true\" class=\"wp-block-spacer\"><\/div>\n\n\n\n<div class=\"wp-block-columns BlockTexte is-layout-flex wp-container-core-columns-is-layout-9d6595d7 wp-block-columns-is-layout-flex\">\n<div class=\"wp-block-column is-layout-flow wp-block-column-is-layout-flow\">\n<h2 class=\"wp-block-heading has-text-align-center\"><strong>Hyaluron-Injektionen f\u00fcr die Kieferlinie in Saint-Louis (bei Basel, Weil am Rhein und L\u00f6rrach)<\/strong><\/h2>\n\n\n\n<div class=\"wp-block-media-text has-media-on-the-right is-stacked-on-mobile\" style=\"grid-template-columns:auto 52%\"><div class=\"wp-block-media-text__content\">\n<p>Mit der Zeit verliert das Oval des Gesichts an Definition. Die Konturen werden weniger scharf, Gewebe h\u00e4ngen ab und Wangen k\u00f6nnen entstehen. Dieses Durchh\u00e4ngen ver\u00e4ndert das Gleichgewicht des Gesichts und l\u00e4sst Sie oft m\u00fcde oder gealtert aussehen.  <\/p>\n\n\n\n<p><strong>Hyalurons\u00e4ureinjektionen f\u00fcr das ovale Gesicht stellen das Volumen<\/strong> wieder her, <strong>zeichnen die Unterkieferlinie neu und heben das untere Gesicht subtil an,<\/strong> ohne Operation.<\/p>\n\n\n\n<p>Im Biolaser-Zentrum in Saint-Louis bei Basel, Mulhouse und Colmar f\u00fchren wir ma\u00dfgeschneiderte Injektionen durch, um <strong>ein harmonisches und nat\u00fcrliches Oval des Gesichts wiederherzustellen<\/strong>, das an jede Morphologie angepasst ist.<\/p>\n<\/div><figure class=\"wp-block-media-text__media\"><img fetchpriority=\"high\" decoding=\"async\" width=\"1024\" height=\"683\" src=\"https:\/\/biolaser.fr\/wp-content\/uploads\/2023\/11\/LAcide-Hyaluronique-et-le-Collagene-Thanacody-1024x683.jpg\" alt=\"Hyalurons\u00e4ure und Kollagen\" class=\"wp-image-12284 size-full\" srcset=\"https:\/\/biolaser.fr\/wp-content\/uploads\/2023\/11\/LAcide-Hyaluronique-et-le-Collagene-Thanacody-1024x683.jpg 1024w, https:\/\/biolaser.fr\/wp-content\/uploads\/2023\/11\/LAcide-Hyaluronique-et-le-Collagene-Thanacody-300x200.jpg 300w, https:\/\/biolaser.fr\/wp-content\/uploads\/2023\/11\/LAcide-Hyaluronique-et-le-Collagene-Thanacody-768x512.jpg 768w, https:\/\/biolaser.fr\/wp-content\/uploads\/2023\/11\/LAcide-Hyaluronique-et-le-Collagene-Thanacody.jpg 1500w\" sizes=\"(max-width: 1024px) 100vw, 1024px\" \/><\/figure><\/div>\n\n\n\n<div style=\"height:32px\" aria-hidden=\"true\" class=\"wp-block-spacer\"><\/div>\n\n\n\n<div class=\"wp-block-buttons is-content-justification-center is-layout-flex wp-container-core-buttons-is-layout-16018d1d wp-block-buttons-is-layout-flex\">\n<div class=\"wp-block-button\"><a class=\"wp-block-button__link wp-element-button\" href=\"https:\/\/www.doctolib.fr\/centre-laser-et-esthetique\/saint-louis\/centre-biolaser\" target=\"_blank\" rel=\"noreferrer noopener\"><strong>Vereinbaren Sie einen Termin<\/strong><\/a><\/div>\n<\/div>\n\n\n\n<div style=\"height:40px\" aria-hidden=\"true\" class=\"wp-block-spacer\"><\/div>\n\n\n\n<h2 class=\"wp-block-heading has-text-align-center\">Warum h\u00e4ngt das Oval des Gesichts mit zunehmendem Alter durch?<\/h2>\n\n\n\n<p>Das Durchh\u00e4ngen des Ovals des Gesichts ist ein nat\u00fcrlicher Prozess, der sich aus mehreren kombinierten Mechanismen ergibt.<\/p>\n\n\n\n<p>Im Laufe der Jahre nimmt die Produktion von Kollagen und Elastin ab. Diese Proteine sind essenziell, um die Haut fest und kr\u00e4ftig zu erhalten. Gleichzeitig schmilzt das Fettgewebe und wandert das Gesicht hinunter, w\u00e4hrend sich auch die Knochenstruktur entwickelt.  <\/p>\n\n\n\n<p>Dieses globale Ph\u00e4nomen f\u00fchrt zu:<\/p>\n\n\n\n<ul class=\"wp-block-list\">\n<li>Verlust der Gewebest\u00fctze<\/li>\n\n\n\n<li>Ein Abstieg in B\u00e4nden<\/li>\n\n\n\n<li>eine Ver\u00e4nderung der Konturen des Gesichts<\/li>\n<\/ul>\n\n\n\n<p class=\"has-text-align-left\">Allm\u00e4hlich wird die Kieferlinie weniger scharf und es k\u00f6nnen Wangen entstehen. Das Gesicht verliert an Definition und Dynamik, was Sie m\u00fcder oder ernster wirken lassen kann. <\/p>\n\n\n\n<div style=\"height:46px\" aria-hidden=\"true\" class=\"wp-block-spacer\"><\/div>\n\n\n\n<h2 class=\"wp-block-heading has-text-align-center\">Warum gibt es Hyalurons\u00e4ure-Injektionen f\u00fcr das ovale Gesicht?<\/h2>\n\n\n\n<p>Hyalurons\u00e4ureinjektionen erm\u00f6glichen es, diese Ver\u00e4nderungen gezielt zu korrigieren, wodurch das Volumen wiederhergestellt und die Gewebe gest\u00fctzt werden.<\/p>\n\n\n\n<p>Entgegen mancher vorgefasster Meinungen geht es nicht einfach um das &#8222;F\u00fcllen&#8220;, sondern um die <strong>Umstrukturierung des Gesichts als Ganzes<\/strong>.<\/p>\n\n\n\n<p>Injektionen erm\u00f6glichen es:<\/p>\n\n\n\n<ul class=\"wp-block-list\">\n<li><strong>Zeichnen Sie die Kieferlinie neu,<\/strong> um scharfe Konturen zur\u00fcckzugewinnen<\/li>\n\n\n\n<li><strong>Unterst\u00fctzen Sie das schlaffe Gewebe<\/strong> und begrenzen Sie den Durchh\u00e4ngungseffekt<\/li>\n\n\n\n<li><strong>Reduzierende Wangen<\/strong><\/li>\n\n\n\n<li><strong>Die Proportionen des Gesichts neu ausbalancieren<\/strong><\/li>\n\n\n\n<li><strong>Verleihen Sie einen diskreten Lift-Effekt<\/strong><\/li>\n<\/ul>\n\n\n\n<p>Das Ziel ist immer, ein nat\u00fcrliches Ergebnis zu erzielen, das die Morphologie der Fl\u00e4che respektiert und die Merkmale transformiert.<\/p>\n\n\n\n<p>Diese Technik ist eine <strong>interessante Alternative zu einer chirurgischen Facelift<\/strong>, besonders wenn das Durchh\u00e4ngen noch moderat ist oder man einen invasiven Eingriff vermeiden m\u00f6chte.<\/p>\n\n\n\n<div style=\"height:48px\" aria-hidden=\"true\" class=\"wp-block-spacer\"><\/div>\n\n\n\n<h2 class=\"wp-block-heading has-text-align-center\">Welche Bereiche werden behandelt, um das Oval des Gesichts neu zu definieren?<\/h2>\n\n\n\n<p>Die Behandlung des ovalen Gesichts ist nicht auf einen einzelnen Bereich beschr\u00e4nkt. Sie basiert auf einem globalen Ansatz, der an jeden Patienten angepasst ist. <\/p>\n\n\n\n<h3 class=\"wp-block-heading\">Die Kieferlinie<\/h3>\n\n\n\n<p>Das ist einer der Schl\u00fcsselbereiche. Injektionen helfen, die Konturen der Kieferlinie neu zu definieren und eine sch\u00e4rfere Linie wiederherzustellen, die oft mit einem strukturierteren und jugendlicheren Gesicht verbunden ist. <\/p>\n\n\n\n<h3 class=\"wp-block-heading\">Das Kinn<\/h3>\n\n\n\n<p>Das <a href=\"https:\/\/biolaser.fr\/de\/hyaluronsaure-kinn\/\" target=\"_blank\" rel=\"noreferrer noopener\">Kinn<\/a> spielt eine wesentliche Rolle f\u00fcr das Gleichgewicht des Gesichts. Eine Injektion kann seine Projektion verbessern und die Kontinuit\u00e4t mit dem Kiefer st\u00e4rken. <\/p>\n\n\n\n<h3 class=\"wp-block-heading\">Die unteren Wangen<\/h3>\n\n\n\n<p>Durch die Unterst\u00fctzung dieses Bereichs begrenzen wir den Abstieg der Gewebe und das Erscheinungsbild der Backen. Das tr\u00e4gt zum Gesamt-Lift-Effekt bei. <\/p>\n\n\n\n<h3 class=\"wp-block-heading\">Die Furchen der Bitterkeit<\/h3>\n\n\n\n<p>Auf beiden Seiten des Mundes k\u00f6nnen sie einen traurigen oder m\u00fcden Ausdruck unterstreichen. Ihre Korrektur hilft, den Ausdruck zu mildern. <\/p>\n\n\n\n<p>Jede Behandlung ist <strong>vollst\u00e4ndig personalisiert<\/strong>, basierend auf Ihrer Anatomie, Ihren Erwartungen und dem Grad der Entspannung. In diesem Zusammenhang kann der <strong>professionelle \u00e4sthetische Arzt<\/strong> <strong><a href=\"https:\/\/biolaser.fr\/de\/md-codes\/\">MD-Codes<\/a><\/strong> verwenden, um das gesamte Oval des Gesichts zu bearbeiten und dabei ein <strong>harmonisches<\/strong>, <strong>nat\u00fcrliches<\/strong> und <strong>ma\u00dfgeschneidertes<\/strong> Ergebnis zu gew\u00e4hrleisten.<\/p>\n\n\n\n<div style=\"height:43px\" aria-hidden=\"true\" class=\"wp-block-spacer\"><\/div>\n\n\n\n<div class=\"wp-block-buttons is-content-justification-center is-layout-flex wp-container-core-buttons-is-layout-16018d1d wp-block-buttons-is-layout-flex\">\n<div class=\"wp-block-button\"><a class=\"wp-block-button__link wp-element-button\" href=\"https:\/\/www.doctolib.fr\/centre-laser-et-esthetique\/saint-louis\/centre-biolaser\" target=\"_blank\" rel=\"noreferrer noopener\"><strong>Vereinbaren Sie einen Termin<\/strong><\/a><\/div>\n<\/div>\n\n\n\n<div style=\"height:20px\" aria-hidden=\"true\" class=\"wp-block-spacer\"><\/div>\n\n\n<div class=\"wp-block-image\">\n<figure class=\"aligncenter size-large is-resized\"><img decoding=\"async\" width=\"1024\" height=\"448\" src=\"https:\/\/biolaser.fr\/wp-content\/uploads\/2023\/01\/plastic-surgery-and-beauty-concept-professional-cosmetician-examining-and-touching-the-face-of-the-beautiful-young-caucasian-smiling-woman-in-clinic-of-esthetic-cosmetology-min-1024x448.jpg\" alt=\"Ovale Gesichtsinjektionen\" class=\"wp-image-1700\" style=\"width:512px;height:224px\" srcset=\"https:\/\/biolaser.fr\/wp-content\/uploads\/2023\/01\/plastic-surgery-and-beauty-concept-professional-cosmetician-examining-and-touching-the-face-of-the-beautiful-young-caucasian-smiling-woman-in-clinic-of-esthetic-cosmetology-min-1024x448.jpg 1024w, https:\/\/biolaser.fr\/wp-content\/uploads\/2023\/01\/plastic-surgery-and-beauty-concept-professional-cosmetician-examining-and-touching-the-face-of-the-beautiful-young-caucasian-smiling-woman-in-clinic-of-esthetic-cosmetology-min-300x131.jpg 300w, https:\/\/biolaser.fr\/wp-content\/uploads\/2023\/01\/plastic-surgery-and-beauty-concept-professional-cosmetician-examining-and-touching-the-face-of-the-beautiful-young-caucasian-smiling-woman-in-clinic-of-esthetic-cosmetology-min-768x336.jpg 768w, https:\/\/biolaser.fr\/wp-content\/uploads\/2023\/01\/plastic-surgery-and-beauty-concept-professional-cosmetician-examining-and-touching-the-face-of-the-beautiful-young-caucasian-smiling-woman-in-clinic-of-esthetic-cosmetology-min-1536x672.jpg 1536w, https:\/\/biolaser.fr\/wp-content\/uploads\/2023\/01\/plastic-surgery-and-beauty-concept-professional-cosmetician-examining-and-touching-the-face-of-the-beautiful-young-caucasian-smiling-woman-in-clinic-of-esthetic-cosmetology-min-2048x896.jpg 2048w\" sizes=\"(max-width: 1024px) 100vw, 1024px\" \/><\/figure>\n<\/div>\n\n\n<div style=\"height:20px\" aria-hidden=\"true\" class=\"wp-block-spacer\"><\/div>\n\n\n\n<h2 class=\"wp-block-heading has-text-align-center\">Wie funktioniert eine Injektionssitzung?<\/h2>\n\n\n\n<p>Der erste Schritt ist eine medizinische Beratung. Es erm\u00f6glicht uns, Ihr Gesicht zu analysieren, die zu behandelnden Bereiche zu identifizieren und einen geeigneten Injektionsplan zu erstellen. <\/p>\n\n\n\n<p>Die Injektionen werden dann mit feinen Nadeln oder Mikrokan\u00fclen durchgef\u00fchrt, abh\u00e4ngig von den Bereichen und Techniken.<\/p>\n\n\n\n<p>Die Sitzung ist kurz und nicht sehr einschr\u00e4nkend:<\/p>\n\n\n\n<ul class=\"wp-block-list\">\n<li>Dauer: etwa 20 bis 30 Minuten<\/li>\n\n\n\n<li>Ergebnis: sofort sichtbar<\/li>\n\n\n\n<li>Wiederaufnahme der Aktivit\u00e4ten: m\u00f6glich, sobald Sie gehen<\/li>\n<\/ul>\n\n\n\n<p class=\"has-text-align-left\">Nach der Sitzung k\u00f6nnen einfache Empfehlungen gegeben werden (vermeide intensive Sportarten, W\u00e4rme oder Massagen in den folgenden Stunden).<\/p>\n\n\n\n<div style=\"height:20px\" aria-hidden=\"true\" class=\"wp-block-spacer\"><\/div>\n\n\n\n<h2 class=\"wp-block-heading has-text-align-center\">Welche Ergebnisse kann ich erwarten und wie lange halten sie an?<\/h2>\n\n\n\n<p>Die Ergebnisse der Hyalurons\u00e4ureinjektionen im ovalen Gesicht sind sofort sichtbar, mit einer allm\u00e4hlichen Verbesserung in den Tagen nach der Sitzung.<\/p>\n\n\n\n<p>Im Allgemeinen beobachten wir:<\/p>\n\n\n\n<ul class=\"wp-block-list\">\n<li>Ein <strong>neu gestaltetes Oval des Gesichts<\/strong><\/li>\n\n\n\n<li>Eine <strong>sch\u00e4rfere Unterkieferlinie<\/strong><\/li>\n\n\n\n<li>Ein <strong>nat\u00fcrlicher Lifting-Effekt<\/strong><\/li>\n\n\n\n<li>Ein <strong>ausgeruhteres und harmonischeres Gesicht<\/strong><\/li>\n<\/ul>\n\n\n\n<p>Das Ergebnis bleibt subtil: Das Ziel ist es, das Gesicht zu erneuern und zu strukturieren, ohne es einzufrieren oder zu transformieren.<\/p>\n\n\n\n<p>Die Wirkungsdauer betr\u00e4gt im Durchschnitt <strong>12 bis 18 Monate<\/strong>. Es kann je nach mehreren Faktoren variieren: <\/p>\n\n\n\n<ul class=\"wp-block-list\">\n<li>Dein Stoffwechsel<\/li>\n\n\n\n<li>Dein Lebensstil<\/li>\n\n\n\n<li>Die behandelten Bereiche<\/li>\n\n\n\n<li>Die Menge des injizierten Produkts<\/li>\n<\/ul>\n\n\n\n<p class=\"has-text-align-left\">Regelm\u00e4\u00dfige Pflege erm\u00f6glicht es, die Ergebnisse \u00fcber die Zeit zu verl\u00e4ngern, w\u00e4hrend ein nat\u00fcrliches und ausgewogenes Aussehen erhalten bleibt.<\/p>\n\n\n\n<div style=\"height:37px\" aria-hidden=\"true\" class=\"wp-block-spacer\"><\/div>\n\n\n\n<h2 class=\"wp-block-heading has-text-align-center\">Was sind die m\u00f6glichen Nebenwirkungen von Injektionen f\u00fcr das ovale Gesicht?<\/h2>\n\n\n\n<p>Wie bei jedem medizinischen Eingriff k\u00f6nnen Injektionen vor\u00fcbergehende Nebenwirkungen verursachen:<\/p>\n\n\n\n<ul class=\"wp-block-list\">\n<li>R\u00f6te<\/li>\n\n\n\n<li>Schwellung<\/li>\n\n\n\n<li>Kleine blaue Flecken<\/li>\n<\/ul>\n\n\n\n<p>Diese Reaktionen sind normal und verschwinden innerhalb weniger Tage.<\/p>\n\n\n\n<p class=\"has-text-align-left\">Seltenere Komplikationen treten auf, weshalb es wichtig ist, die Behandlung einem erfahrenen Behandler anzuvertrauen.<\/p>\n\n\n\n<div style=\"height:33px\" aria-hidden=\"true\" class=\"wp-block-spacer\"><\/div>\n\n\n\n<h2 class=\"wp-block-heading has-text-align-center\">Was kostet Injektionen, um das untere Gesicht neu zu definieren?  <\/h2>\n\n\n\n<p>Der <strong>Preis f\u00fcr<\/strong> Hyalurons\u00e4ureinjektionen auf das ovale Gesicht liegt bei mindestens 350 Euro. Tats\u00e4chlich h\u00e4ngt der Preis von Ihrem <strong>individuellen Behandlungsplan<\/strong> ab: der Anzahl der zu behandelnden Stellen und damit der verwendeten Hyalurons\u00e4uremenge.  <\/p>\n\n\n\n<p>Ein Angebot erhalten Sie nach dem <strong>ersten Beratungsgespr\u00e4ch mit Dr. Thanacody<\/strong>.<\/p>\n\n\n\n<div style=\"height:51px\" aria-hidden=\"true\" class=\"wp-block-spacer\"><\/div>\n\n\n\n<h2 class=\"wp-block-heading has-text-align-center\">Ein harmonisches Oval des Gesichts in Saint-Louis finden<\/h2>\n\n\n\n<p>Hyalurons\u00e4ure-Injektionen erm\u00f6glichen es Ihnen, <strong>das Oval des Gesichts neu zu zeichnen, das Durchh\u00e4ngen zu korrigieren und klarere Konturen zu finden<\/strong>, w\u00e4hrend Sie ein nat\u00fcrliches und ausgewogenes Ergebnis erhalten.<\/p>\n\n\n\n<p>Im <strong>Biolaser-Zentrum<\/strong> in Saint-Louis wird jede Behandlung ma\u00dfgeschneidert und ber\u00fccksichtigt Ihre Morphologie und Ihre Erwartungen.<\/p>\n\n\n\n<p>Egal, ob Sie aus <strong>Saint-Louis, Mulhouse, Colmar oder Basel<\/strong> kommen \u2013 wir begleiten Sie bei Ihrem \u00e4sthetischen Projekt mit einem pr\u00e4zisen und pers\u00f6nlichen Ansatz \u2013 f\u00fcr ein subtiles und harmonisches Ergebnis.<\/p>\n\n\n\n<p class=\"has-text-align-center\">\ud83d\udc49 <strong><a href=\"https:\/\/www.doctolib.fr\/centre-laser-et-esthetique\/saint-louis\/centre-biolaser\" target=\"_blank\" rel=\"noreferrer noopener\">Vereinbaren Sie einen Termin f\u00fcr eine individuelle Diagnose<\/a><\/strong><\/p>\n<\/div>\n<\/div>\n\n\n\n<div style=\"height:37px\" aria-hidden=\"true\" class=\"wp-block-spacer\"><\/div>\n\n\n\n<div class=\"wp-block-buttons is-content-justification-center is-layout-flex wp-container-core-buttons-is-layout-16018d1d wp-block-buttons-is-layout-flex\">\n<div class=\"wp-block-button\"><a class=\"wp-block-button__link wp-element-button\" href=\"https:\/\/www.doctolib.fr\/centre-laser-et-esthetique\/saint-louis\/centre-biolaser\" target=\"_blank\" rel=\"noreferrer noopener\"><strong>Vereinbaren Sie einen Termin<\/strong><\/a><\/div>\n<\/div>\n\n\n\n<div style=\"height:34px\" aria-hidden=\"true\" class=\"wp-block-spacer\"><\/div>\n\n\n<div id=\"rank-math-faq\" class=\"rank-math-block\">\n<div class=\"rank-math-list \">\n<div id=\"faq-question-1777479719040\" class=\"rank-math-list-item\">\n<h3 class=\"rank-math-question \"><strong>Wie viele Spritzen werden f\u00fcr das Oval des Gesichts ben\u00f6tigt?<\/strong><\/h3>\n<div class=\"rank-math-answer \">\n\n<p>Es h\u00e4ngt von der Entspannung und den zu behandelnden Bereichen ab. Im Allgemeinen f\u00fchren 2 bis 4 Spritzen zu einem harmonischen Ergebnis. <\/p>\n\n<\/div>\n<\/div>\n<div id=\"faq-question-1777479727148\" class=\"rank-math-list-item\">\n<h3 class=\"rank-math-question \"><strong>Sind Injektionen ein Ersatz f\u00fcr ein Facelift?<\/strong><\/h3>\n<div class=\"rank-math-answer \">\n\n<p>Sie sind eine wirksame Alternative bei m\u00e4\u00dfigem Durchh\u00e4ngen, ersetzen aber bei erheblichem Durchh\u00e4ngen kein Facelift.<\/p>\n\n<\/div>\n<\/div>\n<div id=\"faq-question-1777479737864\" class=\"rank-math-list-item\">\n<h3 class=\"rank-math-question \"><strong>Ab welchem Alter kann das Oval des Gesichts behandelt werden?<\/strong><\/h3>\n<div class=\"rank-math-answer \">\n\n<p>Sobald die ersten Anzeichen von Entspannung auftreten, oft im Alter von 30\u201335 Jahren.<\/p>\n\n<\/div>\n<\/div>\n<div id=\"faq-question-1777479749848\" class=\"rank-math-list-item\">\n<h3 class=\"rank-math-question \"><strong>K\u00f6nnen nur Kiefer behandelt werden?<\/strong><\/h3>\n<div class=\"rank-math-answer \">\n\n<p>Ja, aber ein globaler Ansatz f\u00fcr das Gesicht wird oft empfohlen, um ein nat\u00fcrlicheres Ergebnis zu erzielen.<\/p>\n\n<\/div>\n<\/div>\n<div id=\"faq-question-1777479762347\" class=\"rank-math-list-item\">\n<h3 class=\"rank-math-question \"><strong>Was ist der Unterschied bei Tensorgewinden?<\/strong><\/h3>\n<div class=\"rank-math-answer \">\n\n<p>Die Injektionen stellen die Volumina wieder her und zeichnen die Konturen neu, w\u00e4hrend die <a href=\"https:\/\/biolaser.fr\/de\/fadenlifting-biolaser-zentrum-in-saint-louis-basel\/\" target=\"_blank\" rel=\"noreferrer noopener\">Tensorgewinde<\/a> mechanische Traktion auf das Gewebe aus\u00fcben.<\/p>\n\n<\/div>\n<\/div>\n<div id=\"faq-question-1777479805148\" class=\"rank-math-list-item\">\n<h3 class=\"rank-math-question \"><strong>Sind die Ergebnisse sofort sichtbar?<\/strong><\/h3>\n<div class=\"rank-math-answer \">\n\n<p>Ja, die Ergebnisse sind am Ende der Sitzung sichtbar, mit einer Verbesserung in den folgenden Tagen.<\/p>\n\n<\/div>\n<\/div>\n<\/div>\n<\/div>","protected":false},"excerpt":{"rendered":"<p>Definieren Sie die Konturen des Gesichts neu und korrigieren Sie das H\u00e4ngen f\u00fcr ein nat\u00fcrliches und harmonisches Ergebnis dank Hyalurons\u00e4ureinjektionen<\/p>\n","protected":false},"author":1,"featured_media":0,"parent":0,"menu_order":0,"comment_status":"closed","ping_status":"closed","template":"","meta":{"_acf_changed":false,"tpgb_global_settings":"","footnotes":""},"class_list":["post-3862","page","type-page","status-publish","hentry"],"acf":[],"tpgb_featured_images":null,"tpgb_post_meta_info":{"get_date":"29. April 2026","author_name":"DGSCreation","author_url":"https:\/\/biolaser.fr\/de\/author\/dgscreation\/","author_email":"contact@dgs-creation.fr","author_website":"https:\/\/protectferm.fr","author_description":"","author_facebook":"","author_twitter":"","author_instagram":"","author_role":["administrator"],"author_firstname":"","author_lastname":"","user_login":"DGSCreation","comment_count":0,"post_likes":0,"post_views":0},"tpgb_post_category":[],"_links":{"self":[{"href":"https:\/\/biolaser.fr\/de\/wp-json\/wp\/v2\/pages\/3862","targetHints":{"allow":["GET"]}}],"collection":[{"href":"https:\/\/biolaser.fr\/de\/wp-json\/wp\/v2\/pages"}],"about":[{"href":"https:\/\/biolaser.fr\/de\/wp-json\/wp\/v2\/types\/page"}],"author":[{"embeddable":true,"href":"https:\/\/biolaser.fr\/de\/wp-json\/wp\/v2\/users\/1"}],"replies":[{"embeddable":true,"href":"https:\/\/biolaser.fr\/de\/wp-json\/wp\/v2\/comments?post=3862"}],"version-history":[{"count":7,"href":"https:\/\/biolaser.fr\/de\/wp-json\/wp\/v2\/pages\/3862\/revisions"}],"predecessor-version":[{"id":13330,"href":"https:\/\/biolaser.fr\/de\/wp-json\/wp\/v2\/pages\/3862\/revisions\/13330"}],"wp:attachment":[{"href":"https:\/\/biolaser.fr\/de\/wp-json\/wp\/v2\/media?parent=3862"}],"curies":[{"name":"wp","href":"https:\/\/api.w.org\/{rel}","templated":true}]}}